{"id":365,"date":"2025-09-11T09:54:02","date_gmt":"2025-09-11T09:54:02","guid":{"rendered":"https:\/\/www.cristianflorescu.ro\/?page_id=365"},"modified":"2025-11-05T11:59:14","modified_gmt":"2025-11-05T11:59:14","slug":"politica-de-confidentialitate-2","status":"publish","type":"page","link":"https:\/\/www.cristianflorescu.ro\/en\/politica-de-confidentialitate-2\/","title":{"rendered":"Politica de confiden\u021bialitate"},"content":{"rendered":"<div data-elementor-type=\"wp-page\" data-elementor-id=\"365\" class=\"elementor elementor-365\" data-elementor-post-type=\"page\">\n\t\t\t\t<div class=\"elementor-element elementor-element-ac0befa e-flex e-con-boxed e-con e-parent\" data-id=\"ac0befa\" data-element_type=\"container\" data-settings=\"{&quot;background_background&quot;:&quot;classic&quot;}\">\n\t\t\t\t\t<div class=\"e-con-inner\">\n\t\t<div class=\"elementor-element elementor-element-512730e e-con-full e-flex e-con e-child\" data-id=\"512730e\" data-element_type=\"container\" data-settings=\"{&quot;background_background&quot;:&quot;classic&quot;}\">\n\t\t<div class=\"elementor-element elementor-element-22e7a2f e-con-full e-flex e-con e-child\" data-id=\"22e7a2f\" data-element_type=\"container\" data-settings=\"{&quot;background_background&quot;:&quot;classic&quot;}\">\n\t\t\t\t<div class=\"elementor-element elementor-element-42182a6 elementor-widget elementor-widget-text-editor\" data-id=\"42182a6\" data-element_type=\"widget\" data-widget_type=\"text-editor.default\">\n\t\t\t\t\t\t\t\t\t<h1 data-start=\"442\" data-end=\"493\"><strong>Politica de confidentialitate<\/strong><\/h1><p data-start=\"442\" data-end=\"493\"><strong data-start=\"442\" data-end=\"465\">Ultima actualizare:<\/strong> 03.11.2025<\/p><h3 data-start=\"495\" data-end=\"521\">1. Informa\u021bii generale<\/h3><p data-start=\"523\" data-end=\"813\">Aceast\u0103 politic\u0103 de confiden\u021bialitate explic\u0103 modul \u00een care colect\u0103m, utiliz\u0103m \u0219i protej\u0103m datele cu caracter personal ale vizitatorilor site-ului [nume domeniu] (\u201eSite-ul\u201d).<br data-start=\"697\" data-end=\"700\" \/>Site-ul este administrat de <strong data-start=\"728\" data-end=\"756\">\u0218tefan Cristian Florescu<\/strong>, Administrator Public al Comunei Piele\u0219ti, jude\u021bul Dolj.<\/p><p data-start=\"815\" data-end=\"1037\">Respect\u0103m confiden\u021bialitatea vizitatorilor no\u0219tri \u0219i ne angaj\u0103m s\u0103 protej\u0103m datele cu caracter personal \u00een conformitate cu <strong data-start=\"938\" data-end=\"1001\">Regulamentul (UE) 2016\/679 privind protec\u021bia datelor (GDPR)<\/strong> \u0219i legisla\u021bia na\u021bional\u0103 aplicabil\u0103.<\/p><hr data-start=\"1039\" data-end=\"1042\" \/><h3 data-start=\"1044\" data-end=\"1067\">2. Ce date colect\u0103m<\/h3><p data-start=\"1069\" data-end=\"1120\">Putem colecta urm\u0103toarele tipuri de date personale:<\/p><ul data-start=\"1122\" data-end=\"1617\"><li data-start=\"1122\" data-end=\"1302\"><p data-start=\"1124\" data-end=\"1302\"><strong data-start=\"1124\" data-end=\"1149\">Date furnizate direct<\/strong> prin formulare de contact sau comentarii pe blog: nume, prenume, adres\u0103 de e-mail, \u0219i orice alte informa\u021bii pe care alegi s\u0103 ni le transmi\u021bi voluntar.<\/p><\/li><li data-start=\"1303\" data-end=\"1501\"><p data-start=\"1305\" data-end=\"1501\"><strong data-start=\"1305\" data-end=\"1331\">Date colectate automat<\/strong>: adrese IP, tipul de browser, paginile vizitate, durata vizitei, \u0219i alte date tehnice colectate prin cookie-uri sau tehnologii similare (Google Analytics, de exemplu).<\/p><\/li><li data-start=\"1502\" data-end=\"1617\"><p data-start=\"1504\" data-end=\"1617\"><strong data-start=\"1504\" data-end=\"1527\">Date din cookie-uri<\/strong>: utiliz\u0103m cookie-uri func\u021bionale \u0219i analitice pentru a \u00eembun\u0103t\u0103\u021bi experien\u021ba de navigare.<\/p><\/li><\/ul><hr data-start=\"1619\" data-end=\"1622\" \/><h3 data-start=\"1624\" data-end=\"1657\">3. Scopul prelucr\u0103rii datelor<\/h3><p data-start=\"1659\" data-end=\"1705\">Datele sunt prelucrate \u00een urm\u0103toarele scopuri:<\/p><ul data-start=\"1707\" data-end=\"1964\"><li data-start=\"1707\" data-end=\"1780\"><p data-start=\"1709\" data-end=\"1780\">pentru a r\u0103spunde solicit\u0103rilor transmise prin formularul de contact;<\/p><\/li><li data-start=\"1781\" data-end=\"1831\"><p data-start=\"1783\" data-end=\"1831\">pentru a modera \u0219i publica comentarii pe blog;<\/p><\/li><li data-start=\"1832\" data-end=\"1900\"><p data-start=\"1834\" data-end=\"1900\">pentru analiza traficului pe site \u0219i \u00eembun\u0103t\u0103\u021birea con\u021binutului;<\/p><\/li><li data-start=\"1901\" data-end=\"1964\"><p data-start=\"1903\" data-end=\"1964\">pentru a asigura securitatea \u0219i buna func\u021bionare a site-ului.<\/p><\/li><\/ul><hr data-start=\"1966\" data-end=\"1969\" \/><h3 data-start=\"1971\" data-end=\"2006\">4. Temeiul legal al prelucr\u0103rii<\/h3><p data-start=\"2008\" data-end=\"2072\">Prelucr\u0103m datele personale \u00een baza urm\u0103toarelor temeiuri legale:<\/p><ul data-start=\"2074\" data-end=\"2371\"><li data-start=\"2074\" data-end=\"2237\"><p data-start=\"2076\" data-end=\"2237\"><strong data-start=\"2076\" data-end=\"2094\">Consim\u021b\u0103m\u00e2ntul<\/strong> t\u0103u explicit (art. 6 alin. (1) lit. a GDPR) \u2013 de exemplu, atunci c\u00e2nd trimi\u021bi un mesaj prin formularul de contact sau postezi un comentariu;<\/p><\/li><li data-start=\"2238\" data-end=\"2371\"><p data-start=\"2240\" data-end=\"2371\"><strong data-start=\"2240\" data-end=\"2261\">Interesul legitim<\/strong> (art. 6 alin. (1) lit. f GDPR) \u2013 pentru analiza traficului, prevenirea abuzurilor \u0219i \u00eembun\u0103t\u0103\u021birea site-ului.<\/p><\/li><\/ul><hr data-start=\"2373\" data-end=\"2376\" \/><h3 data-start=\"2378\" data-end=\"2408\">5. Durata stoc\u0103rii datelor<\/h3><p data-start=\"2410\" data-end=\"2534\">Datele personale sunt p\u0103strate doar at\u00e2t timp c\u00e2t este necesar pentru \u00eendeplinirea scopurilor pentru care au fost colectate:<\/p><ul data-start=\"2536\" data-end=\"2838\"><li data-start=\"2536\" data-end=\"2619\"><p data-start=\"2538\" data-end=\"2619\">datele din formularele de contact \u2013 p\u00e2n\u0103 la 12 luni de la ultima coresponden\u021b\u0103;<\/p><\/li><li data-start=\"2620\" data-end=\"2735\"><p data-start=\"2622\" data-end=\"2735\">datele comentariilor publicate \u2013 pe durata existen\u021bei comentariului pe site, dac\u0103 nu este solicitat\u0103 \u0219tergerea;<\/p><\/li><li data-start=\"2736\" data-end=\"2838\"><p data-start=\"2738\" data-end=\"2838\">datele analitice (cookie-uri) \u2013 conform politicii de cookie-uri (\u00een general, \u00eentre 1 zi \u0219i 24 luni).<\/p><\/li><\/ul><hr data-start=\"2840\" data-end=\"2843\" \/><h3 data-start=\"2845\" data-end=\"2882\">6. Divulgarea datelor c\u0103tre ter\u021bi<\/h3><p data-start=\"2884\" data-end=\"2994\">Nu vindem, nu \u00eenchiriem \u0219i nu transfer\u0103m datele tale personale c\u0103tre ter\u021bi, cu excep\u021bia urm\u0103toarelor situa\u021bii:<\/p><ul data-start=\"2996\" data-end=\"3242\"><li data-start=\"2996\" data-end=\"3078\"><p data-start=\"2998\" data-end=\"3078\">furnizori de servicii IT \u0219i g\u0103zduire web, care asigur\u0103 func\u021bionarea site-ului;<\/p><\/li><li data-start=\"3079\" data-end=\"3184\"><p data-start=\"3081\" data-end=\"3184\">servicii de analiz\u0103 a traficului (ex: Google Analytics), \u00een condi\u021biile stabilite de ace\u0219ti furnizori;<\/p><\/li><li data-start=\"3185\" data-end=\"3242\"><p data-start=\"3187\" data-end=\"3242\">autorit\u0103\u021bi publice, doar \u00een cazurile prev\u0103zute de lege.<\/p><\/li><\/ul><p data-start=\"3244\" data-end=\"3291\">To\u021bi partenerii no\u0219tri respect\u0103 cerin\u021bele GDPR.<\/p><hr data-start=\"3293\" data-end=\"3296\" \/><h3 data-start=\"3298\" data-end=\"3320\">7. Drepturile tale<\/h3><p data-start=\"3322\" data-end=\"3390\">Conform GDPR, ai urm\u0103toarele drepturi privind datele tale personale:<\/p><ul data-start=\"3392\" data-end=\"3877\"><li data-start=\"3392\" data-end=\"3437\"><p data-start=\"3394\" data-end=\"3437\">dreptul de <strong data-start=\"3405\" data-end=\"3414\">acces<\/strong> la datele colectate;<\/p><\/li><li data-start=\"3438\" data-end=\"3488\"><p data-start=\"3440\" data-end=\"3488\">dreptul de <strong data-start=\"3451\" data-end=\"3466\">rectificare<\/strong> a datelor inexacte;<\/p><\/li><li data-start=\"3489\" data-end=\"3543\"><p data-start=\"3491\" data-end=\"3543\">dreptul de <strong data-start=\"3502\" data-end=\"3540\">\u0219tergere (\u201edreptul de a fi uitat\u201d)<\/strong>;<\/p><\/li><li data-start=\"3544\" data-end=\"3592\"><p data-start=\"3546\" data-end=\"3592\">dreptul de <strong data-start=\"3557\" data-end=\"3575\">restric\u021bionare<\/strong> a prelucr\u0103rii;<\/p><\/li><li data-start=\"3593\" data-end=\"3636\"><p data-start=\"3595\" data-end=\"3636\">dreptul de <strong data-start=\"3606\" data-end=\"3623\">portabilitate<\/strong> a datelor;<\/p><\/li><li data-start=\"3637\" data-end=\"3684\"><p data-start=\"3639\" data-end=\"3684\">dreptul de <strong data-start=\"3650\" data-end=\"3662\">opozi\u021bie<\/strong> fa\u021b\u0103 de prelucrare;<\/p><\/li><li data-start=\"3685\" data-end=\"3877\"><p data-start=\"3687\" data-end=\"3877\">dreptul de a depune o <strong data-start=\"3709\" data-end=\"3721\">pl\u00e2ngere<\/strong> la <strong data-start=\"3725\" data-end=\"3819\">Autoritatea Na\u021bional\u0103 de Supraveghere a Prelucr\u0103rii Datelor cu Caracter Personal (ANSPDCP)<\/strong> \u2013 <a class=\"decorated-link\" href=\"https:\/\/www.dataprotection.ro\" target=\"_new\" rel=\"noopener\" data-start=\"3822\" data-end=\"3876\">www.dataprotection.ro<\/a>.<\/p><\/li><\/ul><p data-start=\"3879\" data-end=\"4014\">Pentru exercitarea acestor drepturi, ne po\u021bi contacta la: <a href=\"mailto:florescu.cristian10@yahoo.com\"><strong>florescu.cristian10@yahoo.com<\/strong><\/a><\/p><hr data-start=\"4016\" data-end=\"4019\" \/><h3 data-start=\"4021\" data-end=\"4047\">8. Securitatea datelor<\/h3><p data-start=\"4049\" data-end=\"4257\">Aplic\u0103m m\u0103suri tehnice \u0219i organizatorice adecvate pentru protejarea datelor tale \u00eempotriva accesului neautorizat, pierderii sau distrugerii (protocol SSL, actualiz\u0103ri de securitate, acces restric\u021bionat etc.).<\/p><hr data-start=\"4259\" data-end=\"4262\" \/><h3 data-start=\"4264\" data-end=\"4286\">9. Linkuri externe<\/h3><p data-start=\"4288\" data-end=\"4521\">Site-ul poate con\u021bine linkuri c\u0103tre alte pagini web (de exemplu, re\u021bele sociale sau surse de informare). Nu suntem responsabili pentru politicile de confiden\u021bialitate ale acestor site-uri externe. Te \u00eencuraj\u0103m s\u0103 le consul\u021bi separat.<\/p><hr data-start=\"4523\" data-end=\"4526\" \/><h3 data-start=\"4528\" data-end=\"4581\">10. Modific\u0103ri ale politicii de confiden\u021bialitate<\/h3><p data-start=\"4583\" data-end=\"4718\">Ne rezerv\u0103m dreptul de a actualiza periodic aceast\u0103 politic\u0103. Orice modificare va fi publicat\u0103 pe aceast\u0103 pagin\u0103, cu data actualiz\u0103rii.<\/p><hr data-start=\"4720\" data-end=\"4723\" \/><h3 data-start=\"4725\" data-end=\"4740\">11. Contact<\/h3><p data-start=\"4742\" data-end=\"4903\">Pentru orice \u00eentreb\u0103ri privind protec\u021bia datelor personale, te rug\u0103m s\u0103 ne contactezi la:<br data-start=\"4831\" data-end=\"4834\" \/><strong>\ud83d\udce7 <a href=\"mailto:florescu.cristian10@yahoo.com\">florescu.cristian10@yahoo.com<\/a><\/strong><br data-start=\"4867\" data-end=\"4870\" \/><strong>\ud83c\udf10<a href=\"https:\/\/www.cristianflorescu.ro\/en\/\"> www.cristianflorescu.ro<\/a><\/strong><\/p>\t\t\t\t\t\t\t\t<\/div>\n\t\t\t\t<\/div>\n\t\t\t\t<\/div>\n\t\t\t\t\t<\/div>\n\t\t\t\t<\/div>\n\t\t<div class=\"elementor-element elementor-element-54e9b5f5 e-flex e-con-boxed e-con e-parent\" data-id=\"54e9b5f5\" data-element_type=\"container\" data-settings=\"{&quot;background_background&quot;:&quot;classic&quot;}\">\n\t\t\t\t\t<div class=\"e-con-inner\">\n\t\t<div class=\"elementor-element elementor-element-3ea08b26 e-con-full e-flex e-con e-child\" data-id=\"3ea08b26\" data-element_type=\"container\">\n\t\t\t\t<div class=\"elementor-element elementor-element-b54aafb elementor-widget-tablet__width-initial elementor-widget__width-initial elementor-widget elementor-widget-sitemap\" data-id=\"b54aafb\" data-element_type=\"widget\" data-widget_type=\"sitemap.default\">\n\t\t\t\t\t<div class=\"elementor-sitemap-wrap\"><div class=\"elementor-sitemap-section\"><h2 class=\"elementor-sitemap-title elementor-sitemap-page-title\">Pagini<\/h2><ul class=\"elementor-sitemap-list elementor-sitemap-page-list\"><li class=\"elementor-sitemap-item elementor-sitemap-item-page page_item page-item-397\"><a href=\"https:\/\/www.cristianflorescu.ro\/en\/blog\/\">Blog<\/a><\/li><li class=\"elementor-sitemap-item elementor-sitemap-item-page page_item page-item-369\"><a href=\"https:\/\/www.cristianflorescu.ro\/en\/terms-and-conditions\/\">Termeni \u0219i condi\u021bii<\/a><\/li><li class=\"elementor-sitemap-item elementor-sitemap-item-page page_item page-item-367\"><a href=\"https:\/\/www.cristianflorescu.ro\/en\/politica-cookie-uri-ue\/\">Politic\u0103 cookie-uri (UE)<\/a><\/li><li class=\"elementor-sitemap-item elementor-sitemap-item-page page_item page-item-365\"><a href=\"https:\/\/www.cristianflorescu.ro\/en\/politica-de-confidentialitate-2\/\">Politica de confiden\u021bialitate<\/a><\/li><li class=\"elementor-sitemap-item elementor-sitemap-item-page page_item page-item-192\"><a href=\"https:\/\/www.cristianflorescu.ro\/en\/\">Acas\u0103<\/a><\/li><li class=\"elementor-sitemap-item elementor-sitemap-item-page page_item page-item-33\"><a href=\"https:\/\/www.cristianflorescu.ro\/en\/formular-de-contact\/\">Contact<\/a><\/li><li class=\"elementor-sitemap-item elementor-sitemap-item-page page_item page-item-31\"><a href=\"https:\/\/www.cristianflorescu.ro\/en\/activitatea-mea-ca-administrator-public-al-comunei-pielesti\/\">Activitate<\/a><\/li><li class=\"elementor-sitemap-item elementor-sitemap-item-page page_item page-item-28\"><a href=\"https:\/\/www.cristianflorescu.ro\/en\/viziunea-pentru-pielesti\/\">Viziunea pentru Piele\u0219ti<\/a><\/li><li class=\"elementor-sitemap-item elementor-sitemap-item-page page_item page-item-25\"><a href=\"https:\/\/www.cristianflorescu.ro\/en\/despre-mine\/\">Despre mine<\/a><\/li><\/ul><\/div><\/div>\t\t\t\t<\/div>\n\t\t\t\t<\/div>\n\t\t<div class=\"elementor-element elementor-element-52df8cdc e-con-full e-flex e-con e-child\" data-id=\"52df8cdc\" data-element_type=\"container\">\n\t\t<div class=\"elementor-element elementor-element-3cf98290 e-con-full e-flex e-con e-child\" data-id=\"3cf98290\" data-element_type=\"container\">\n\t\t\t\t<div class=\"elementor-element elementor-element-12d4920f elementor-widget elementor-widget-heading\" data-id=\"12d4920f\" data-element_type=\"widget\" data-widget_type=\"heading.default\">\n\t\t\t\t\t<h2 class=\"elementor-heading-title elementor-size-default\">Newsletter<\/h2>\t\t\t\t<\/div>\n\t\t\t\t<div class=\"elementor-element elementor-element-287132a3 elementor-widget elementor-widget-text-editor\" data-id=\"287132a3\" data-element_type=\"widget\" data-widget_type=\"text-editor.default\">\n\t\t\t\t\t\t\t\t\t<p><em>\u00censcrie-te pentru a primi nout\u0103\u021bi, articole \u0219i evenimente din Piele\u0219ti.<\/em><\/p>\t\t\t\t\t\t\t\t<\/div>\n\t\t\t\t<\/div>\n\t\t<div class=\"elementor-element elementor-element-7cdee286 e-con-full e-flex e-con e-child\" data-id=\"7cdee286\" data-element_type=\"container\">\n\t\t\t\t<div class=\"elementor-element elementor-element-1c6af796 elementor-button-align-end elementor-widget elementor-widget-form\" data-id=\"1c6af796\" data-element_type=\"widget\" data-settings=\"{&quot;step_next_label&quot;:&quot;Next&quot;,&quot;step_previous_label&quot;:&quot;Previous&quot;,&quot;button_width&quot;:&quot;100&quot;,&quot;step_type&quot;:&quot;number_text&quot;,&quot;step_icon_shape&quot;:&quot;circle&quot;}\" data-widget_type=\"form.default\">\n\t\t\t\t\t\t\t<form class=\"elementor-form\" method=\"post\" name=\"New Form\" aria-label=\"New Form\" action=\"\">\n\t\t\t<input type=\"hidden\" name=\"post_id\" value=\"365\"\/>\n\t\t\t<input type=\"hidden\" name=\"form_id\" value=\"1c6af796\"\/>\n\t\t\t<input type=\"hidden\" name=\"referer_title\" value=\"Politica de confiden\u021bialitate - Cristian Florescu\" \/>\n\n\t\t\t\t\t\t\t<input type=\"hidden\" name=\"queried_id\" value=\"365\"\/>\n\t\t\t\n\t\t\t<div class=\"elementor-form-fields-wrapper elementor-labels-\">\n\t\t\t\t\t\t\t\t<div class=\"elementor-field-type-email elementor-field-group elementor-column elementor-field-group-email elementor-col-100 elementor-field-required\">\n\t\t\t\t\t\t\t\t\t\t\t\t<label for=\"form-field-email\" class=\"elementor-field-label elementor-screen-only\">\n\t\t\t\t\t\t\t\tEmail\t\t\t\t\t\t\t<\/label>\n\t\t\t\t\t\t\t\t\t\t\t\t\t\t<input size=\"1\" type=\"email\" name=\"form_fields[email]\" id=\"form-field-email\" class=\"elementor-field elementor-size-lg  elementor-field-textual\" placeholder=\"Email\" required=\"required\">\n\t\t\t\t\t\t\t\t\t\t\t<\/div>\n\t\t\t\t\t\t\t\t<div class=\"elementor-field-group elementor-column elementor-field-type-submit elementor-col-100 e-form__buttons\">\n\t\t\t\t\t<button class=\"elementor-button elementor-size-sm\" type=\"submit\">\n\t\t\t\t\t\t<span class=\"elementor-button-content-wrapper\">\n\t\t\t\t\t\t\t\t\t\t\t\t\t\t\t\t\t\t\t\t\t\t<span class=\"elementor-button-text\">Send<\/span>\n\t\t\t\t\t\t\t\t\t\t\t\t\t<\/span>\n\t\t\t\t\t<\/button>\n\t\t\t\t<\/div>\n\t\t\t<\/div>\n\t\t<input type=\"hidden\" name=\"trp-form-language\" value=\"en\"\/><\/form>\n\t\t\t\t\t\t<\/div>\n\t\t\t\t<\/div>\n\t\t\t\t<\/div>\n\t\t\t\t\t<\/div>\n\t\t\t\t<\/div>\n\t\t\t\t<\/div>","protected":false},"excerpt":{"rendered":"<p>Politica de confidentialitate Ultima actualizare: 03.11.2025 1. Informa\u021bii generale Aceast\u0103 politic\u0103 de confiden\u021bialitate explic\u0103 modul \u00een care colect\u0103m, utiliz\u0103m \u0219i protej\u0103m datele cu caracter personal ale vizitatorilor site-ului [nume domeniu] (\u201eSite-ul\u201d).Site-ul este administrat de \u0218tefan Cristian Florescu, Administrator Public al Comunei Piele\u0219ti, jude\u021bul Dolj. Respect\u0103m confiden\u021bialitatea vizitatorilor no\u0219tri \u0219i ne angaj\u0103m s\u0103 protej\u0103m datele cu [&hellip;]<\/p>","protected":false},"author":1,"featured_media":0,"parent":0,"menu_order":0,"comment_status":"closed","ping_status":"closed","template":"","meta":{"footnotes":""},"class_list":["post-365","page","type-page","status-publish","hentry"],"yoast_head":"<!-- This site is optimized with the Yoast SEO plugin v26.1.1 - https:\/\/yoast.com\/wordpress\/plugins\/seo\/ -->\n<title>Politica de confiden\u021bialitate - Cristian Florescu<\/title>\n<meta name=\"robots\" content=\"noindex, follow, max-snippet:-1, max-image-preview:large, max-video-preview:-1\" \/>\n<meta property=\"og:locale\" content=\"en_US\" \/>\n<meta property=\"og:type\" content=\"article\" \/>\n<meta property=\"og:title\" content=\"Politica de confiden\u021bialitate - Cristian Florescu\" \/>\n<meta property=\"og:description\" content=\"Politica de confidentialitate Ultima actualizare: 03.11.2025 1. Informa\u021bii generale Aceast\u0103 politic\u0103 de confiden\u021bialitate explic\u0103 modul \u00een care colect\u0103m, utiliz\u0103m \u0219i protej\u0103m datele cu caracter personal ale vizitatorilor site-ului [nume domeniu] (\u201eSite-ul\u201d).Site-ul este administrat de \u0218tefan Cristian Florescu, Administrator Public al Comunei Piele\u0219ti, jude\u021bul Dolj. Respect\u0103m confiden\u021bialitatea vizitatorilor no\u0219tri \u0219i ne angaj\u0103m s\u0103 protej\u0103m datele cu [&hellip;]\" \/>\n<meta property=\"og:url\" content=\"https:\/\/www.cristianflorescu.ro\/en\/politica-de-confidentialitate-2\/\" \/>\n<meta property=\"og:site_name\" content=\"Cristian Florescu\" \/>\n<meta property=\"article:modified_time\" content=\"2025-11-05T11:59:14+00:00\" \/>\n<meta name=\"twitter:card\" content=\"summary_large_image\" \/>\n<meta name=\"twitter:label1\" content=\"Est. reading time\" \/>\n\t<meta name=\"twitter:data1\" content=\"4 minutes\" \/>\n<script type=\"application\/ld+json\" class=\"yoast-schema-graph\">{\"@context\":\"https:\/\/schema.org\",\"@graph\":[{\"@type\":\"WebPage\",\"@id\":\"https:\/\/www.cristianflorescu.ro\/politica-de-confidentialitate-2\/\",\"url\":\"https:\/\/www.cristianflorescu.ro\/politica-de-confidentialitate-2\/\",\"name\":\"Politica de confiden\u021bialitate - Cristian Florescu\",\"isPartOf\":{\"@id\":\"https:\/\/www.cristianflorescu.ro\/#website\"},\"datePublished\":\"2025-09-11T09:54:02+00:00\",\"dateModified\":\"2025-11-05T11:59:14+00:00\",\"breadcrumb\":{\"@id\":\"https:\/\/www.cristianflorescu.ro\/politica-de-confidentialitate-2\/#breadcrumb\"},\"inLanguage\":\"en-US\",\"potentialAction\":[{\"@type\":\"ReadAction\",\"target\":[\"https:\/\/www.cristianflorescu.ro\/politica-de-confidentialitate-2\/\"]}]},{\"@type\":\"BreadcrumbList\",\"@id\":\"https:\/\/www.cristianflorescu.ro\/politica-de-confidentialitate-2\/#breadcrumb\",\"itemListElement\":[{\"@type\":\"ListItem\",\"position\":1,\"name\":\"Prima pagin\u0103\",\"item\":\"https:\/\/www.cristianflorescu.ro\/\"},{\"@type\":\"ListItem\",\"position\":2,\"name\":\"Politica de confiden\u021bialitate\"}]},{\"@type\":\"WebSite\",\"@id\":\"https:\/\/www.cristianflorescu.ro\/#website\",\"url\":\"https:\/\/www.cristianflorescu.ro\/\",\"name\":\"Cristian Florescu\",\"description\":\"Pentru Pielesti. Pentru oamneni.\",\"potentialAction\":[{\"@type\":\"SearchAction\",\"target\":{\"@type\":\"EntryPoint\",\"urlTemplate\":\"https:\/\/www.cristianflorescu.ro\/?s={search_term_string}\"},\"query-input\":{\"@type\":\"PropertyValueSpecification\",\"valueRequired\":true,\"valueName\":\"search_term_string\"}}],\"inLanguage\":\"en-US\"}]}<\/script>\n<!-- \/ Yoast SEO plugin. -->","yoast_head_json":{"title":"Politica de confiden\u021bialitate - Cristian Florescu","robots":{"index":"noindex","follow":"follow","max-snippet":"max-snippet:-1","max-image-preview":"max-image-preview:large","max-video-preview":"max-video-preview:-1"},"og_locale":"en_US","og_type":"article","og_title":"Politica de confiden\u021bialitate - Cristian Florescu","og_description":"Politica de confidentialitate Ultima actualizare: 03.11.2025 1. Informa\u021bii generale Aceast\u0103 politic\u0103 de confiden\u021bialitate explic\u0103 modul \u00een care colect\u0103m, utiliz\u0103m \u0219i protej\u0103m datele cu caracter personal ale vizitatorilor site-ului [nume domeniu] (\u201eSite-ul\u201d).Site-ul este administrat de \u0218tefan Cristian Florescu, Administrator Public al Comunei Piele\u0219ti, jude\u021bul Dolj. Respect\u0103m confiden\u021bialitatea vizitatorilor no\u0219tri \u0219i ne angaj\u0103m s\u0103 protej\u0103m datele cu [&hellip;]","og_url":"https:\/\/www.cristianflorescu.ro\/en\/politica-de-confidentialitate-2\/","og_site_name":"Cristian Florescu","article_modified_time":"2025-11-05T11:59:14+00:00","twitter_card":"summary_large_image","twitter_misc":{"Est. reading time":"4 minutes"},"schema":{"@context":"https:\/\/schema.org","@graph":[{"@type":"WebPage","@id":"https:\/\/www.cristianflorescu.ro\/politica-de-confidentialitate-2\/","url":"https:\/\/www.cristianflorescu.ro\/politica-de-confidentialitate-2\/","name":"Politica de confiden\u021bialitate - Cristian Florescu","isPartOf":{"@id":"https:\/\/www.cristianflorescu.ro\/#website"},"datePublished":"2025-09-11T09:54:02+00:00","dateModified":"2025-11-05T11:59:14+00:00","breadcrumb":{"@id":"https:\/\/www.cristianflorescu.ro\/politica-de-confidentialitate-2\/#breadcrumb"},"inLanguage":"en-US","potentialAction":[{"@type":"ReadAction","target":["https:\/\/www.cristianflorescu.ro\/politica-de-confidentialitate-2\/"]}]},{"@type":"BreadcrumbList","@id":"https:\/\/www.cristianflorescu.ro\/politica-de-confidentialitate-2\/#breadcrumb","itemListElement":[{"@type":"ListItem","position":1,"name":"Prima pagin\u0103","item":"https:\/\/www.cristianflorescu.ro\/"},{"@type":"ListItem","position":2,"name":"Politica de confiden\u021bialitate"}]},{"@type":"WebSite","@id":"https:\/\/www.cristianflorescu.ro\/#website","url":"https:\/\/www.cristianflorescu.ro\/","name":"Cristian Florescu","description":"Pentru Pielesti. Pentru oamneni.","potentialAction":[{"@type":"SearchAction","target":{"@type":"EntryPoint","urlTemplate":"https:\/\/www.cristianflorescu.ro\/?s={search_term_string}"},"query-input":{"@type":"PropertyValueSpecification","valueRequired":true,"valueName":"search_term_string"}}],"inLanguage":"en-US"}]}},"rttpg_featured_image_url":null,"rttpg_author":{"display_name":"CristiADM","author_link":"https:\/\/www.cristianflorescu.ro\/en\/author\/cristiadm\/"},"rttpg_comment":0,"rttpg_category":null,"rttpg_excerpt":"Politica de confidentialitate Ultima actualizare: 03.11.2025 1. Informa\u021bii generale Aceast\u0103 politic\u0103 de confiden\u021bialitate explic\u0103 modul \u00een care colect\u0103m, utiliz\u0103m \u0219i protej\u0103m datele cu caracter personal ale vizitatorilor site-ului [nume domeniu] (\u201eSite-ul\u201d).Site-ul este administrat de \u0218tefan Cristian Florescu, Administrator Public al Comunei Piele\u0219ti, jude\u021bul Dolj. Respect\u0103m confiden\u021bialitatea vizitatorilor no\u0219tri \u0219i ne angaj\u0103m s\u0103 protej\u0103m datele cu&hellip;","_links":{"self":[{"href":"https:\/\/www.cristianflorescu.ro\/en\/wp-json\/wp\/v2\/pages\/365","targetHints":{"allow":["GET"]}}],"collection":[{"href":"https:\/\/www.cristianflorescu.ro\/en\/wp-json\/wp\/v2\/pages"}],"about":[{"href":"https:\/\/www.cristianflorescu.ro\/en\/wp-json\/wp\/v2\/types\/page"}],"author":[{"embeddable":true,"href":"https:\/\/www.cristianflorescu.ro\/en\/wp-json\/wp\/v2\/users\/1"}],"replies":[{"embeddable":true,"href":"https:\/\/www.cristianflorescu.ro\/en\/wp-json\/wp\/v2\/comments?post=365"}],"version-history":[{"count":27,"href":"https:\/\/www.cristianflorescu.ro\/en\/wp-json\/wp\/v2\/pages\/365\/revisions"}],"predecessor-version":[{"id":621,"href":"https:\/\/www.cristianflorescu.ro\/en\/wp-json\/wp\/v2\/pages\/365\/revisions\/621"}],"wp:attachment":[{"href":"https:\/\/www.cristianflorescu.ro\/en\/wp-json\/wp\/v2\/media?parent=365"}],"curies":[{"name":"wp","href":"https:\/\/api.w.org\/{rel}","templated":true}]}}