{"id":33,"date":"2025-08-22T09:25:25","date_gmt":"2025-08-22T09:25:25","guid":{"rendered":"https:\/\/www.cristianflorescu.ro\/?page_id=33"},"modified":"2025-11-05T13:01:54","modified_gmt":"2025-11-05T13:01:54","slug":"formular-de-contact","status":"publish","type":"page","link":"https:\/\/www.cristianflorescu.ro\/en\/formular-de-contact\/","title":{"rendered":"Contact"},"content":{"rendered":"<div data-elementor-type=\"wp-page\" data-elementor-id=\"33\" class=\"elementor elementor-33\" data-elementor-post-type=\"page\">\n\t\t\t\t<div class=\"elementor-element elementor-element-5592d376 e-flex e-con-boxed e-con e-parent\" data-id=\"5592d376\" data-element_type=\"container\" data-settings=\"{&quot;background_background&quot;:&quot;classic&quot;}\">\n\t\t\t\t\t<div class=\"e-con-inner\">\n\t\t<div class=\"elementor-element elementor-element-6b3b3469 e-con-full e-flex e-con e-child\" data-id=\"6b3b3469\" data-element_type=\"container\" data-settings=\"{&quot;background_background&quot;:&quot;classic&quot;}\">\n\t\t<div class=\"elementor-element elementor-element-014490c e-con-full e-flex e-con e-child\" data-id=\"014490c\" data-element_type=\"container\">\n\t\t\t\t<div class=\"elementor-element elementor-element-ebb19ef elementor-widget elementor-widget-text-editor\" data-id=\"ebb19ef\" data-element_type=\"widget\" data-widget_type=\"text-editor.default\">\n\t\t\t\t\t\t\t\t\t<p><strong>\u00a0 \u00a0 \u00a0 \u00cempreun\u0103 pentru o administra\u021bie deschis\u0103<\/strong><\/p><p>Cred \u00eentr-o rela\u021bie direct\u0103 cu cet\u0103\u021benii, bazat\u0103 pe dialog, respect \u0219i transparen\u021b\u0103. Dac\u0103 ai o \u00eentrebare, o propunere sau dore\u0219ti s\u0103 semnalezi o problem\u0103 din comunitate, \u00ee\u021bi stau la dispozi\u021bie.<\/p>\t\t\t\t\t\t\t\t<\/div>\n\t\t\t\t<\/div>\n\t\t<div class=\"elementor-element elementor-element-6c28e39 e-con-full e-flex e-con e-child\" data-id=\"6c28e39\" data-element_type=\"container\">\n\t\t\t\t<div class=\"elementor-element elementor-element-c94b8c9 elementor-button-align-stretch elementor-widget elementor-widget-form\" data-id=\"c94b8c9\" data-element_type=\"widget\" data-settings=\"{&quot;step_next_label&quot;:&quot;Next&quot;,&quot;step_previous_label&quot;:&quot;Previous&quot;,&quot;button_width&quot;:&quot;100&quot;,&quot;step_type&quot;:&quot;number_text&quot;,&quot;step_icon_shape&quot;:&quot;circle&quot;}\" data-widget_type=\"form.default\">\n\t\t\t\t\t\t\t<form class=\"elementor-form\" method=\"post\" name=\"New Form\" aria-label=\"New Form\" action=\"\">\n\t\t\t<input type=\"hidden\" name=\"post_id\" value=\"33\"\/>\n\t\t\t<input type=\"hidden\" name=\"form_id\" value=\"c94b8c9\"\/>\n\t\t\t<input type=\"hidden\" name=\"referer_title\" value=\"Contact - Cristian Florescu\" \/>\n\n\t\t\t\t\t\t\t<input type=\"hidden\" name=\"queried_id\" value=\"33\"\/>\n\t\t\t\n\t\t\t<div class=\"elementor-form-fields-wrapper elementor-labels-above\">\n\t\t\t\t\t\t\t\t<div class=\"elementor-field-type-text elementor-field-group elementor-column elementor-field-group-name elementor-col-100 elementor-field-required\">\n\t\t\t\t\t\t\t\t\t\t\t\t<label for=\"form-field-name\" class=\"elementor-field-label\">\n\t\t\t\t\t\t\t\tNumele t\u0103u\t\t\t\t\t\t\t<\/label>\n\t\t\t\t\t\t\t\t\t\t\t\t\t\t<input size=\"1\" type=\"text\" name=\"form_fields[name]\" id=\"form-field-name\" class=\"elementor-field elementor-size-lg  elementor-field-textual\" placeholder=\"Nume\" required=\"required\">\n\t\t\t\t\t\t\t\t\t\t\t<\/div>\n\t\t\t\t\t\t\t\t<div class=\"elementor-field-type-email elementor-field-group elementor-column elementor-field-group-email elementor-col-100 elementor-field-required\">\n\t\t\t\t\t\t\t\t\t\t\t\t<label for=\"form-field-email\" class=\"elementor-field-label\">\n\t\t\t\t\t\t\t\tEmail\t\t\t\t\t\t\t<\/label>\n\t\t\t\t\t\t\t\t\t\t\t\t\t\t<input size=\"1\" type=\"email\" name=\"form_fields[email]\" id=\"form-field-email\" class=\"elementor-field elementor-size-lg  elementor-field-textual\" placeholder=\"Email\" required=\"required\">\n\t\t\t\t\t\t\t\t\t\t\t<\/div>\n\t\t\t\t\t\t\t\t<div class=\"elementor-field-type-textarea elementor-field-group elementor-column elementor-field-group-message elementor-col-100\">\n\t\t\t\t\t\t\t\t\t\t\t\t<label for=\"form-field-message\" class=\"elementor-field-label\">\n\t\t\t\t\t\t\t\tMesaj\t\t\t\t\t\t\t<\/label>\n\t\t\t\t\t\t<textarea class=\"elementor-field-textual elementor-field  elementor-size-lg\" name=\"form_fields[message]\" id=\"form-field-message\" rows=\"4\" placeholder=\"Mesaj\"><\/textarea>\t\t\t\t<\/div>\n\t\t\t\t\t\t\t\t<div class=\"elementor-field-group elementor-column elementor-field-type-submit elementor-col-100 e-form__buttons\">\n\t\t\t\t\t<button class=\"elementor-button elementor-size-lg\" type=\"submit\">\n\t\t\t\t\t\t<span class=\"elementor-button-content-wrapper\">\n\t\t\t\t\t\t\t\t\t\t\t\t\t\t\t\t\t\t\t\t\t\t<span class=\"elementor-button-text\">Trimite<\/span>\n\t\t\t\t\t\t\t\t\t\t\t\t\t<\/span>\n\t\t\t\t\t<\/button>\n\t\t\t\t<\/div>\n\t\t\t<\/div>\n\t\t<input type=\"hidden\" name=\"trp-form-language\" value=\"en\"\/><\/form>\n\t\t\t\t\t\t<\/div>\n\t\t\t\t<\/div>\n\t\t\t\t<\/div>\n\t\t\t\t\t<\/div>\n\t\t\t\t<\/div>\n\t\t<div class=\"elementor-element elementor-element-142c3e50 e-flex e-con-boxed e-con e-parent\" data-id=\"142c3e50\" data-element_type=\"container\" data-settings=\"{&quot;background_background&quot;:&quot;classic&quot;}\">\n\t\t\t\t\t<div class=\"e-con-inner\">\n\t\t<div class=\"elementor-element elementor-element-7efd4938 e-con-full e-flex e-con e-child\" data-id=\"7efd4938\" data-element_type=\"container\">\n\t\t\t\t<div class=\"elementor-element elementor-element-721e5a56 elementor-widget elementor-widget-sitemap\" data-id=\"721e5a56\" data-element_type=\"widget\" data-widget_type=\"sitemap.default\">\n\t\t\t\t\t<div class=\"elementor-sitemap-wrap\"><div class=\"elementor-sitemap-section\"><h2 class=\"elementor-sitemap-title elementor-sitemap-page-title\">Pagini<\/h2><ul class=\"elementor-sitemap-list elementor-sitemap-page-list\"><li class=\"elementor-sitemap-item elementor-sitemap-item-page page_item page-item-397\"><a href=\"https:\/\/www.cristianflorescu.ro\/en\/blog\/\">Blog<\/a><\/li><li class=\"elementor-sitemap-item elementor-sitemap-item-page page_item page-item-369\"><a href=\"https:\/\/www.cristianflorescu.ro\/en\/terms-and-conditions\/\">Termeni \u0219i condi\u021bii<\/a><\/li><li class=\"elementor-sitemap-item elementor-sitemap-item-page page_item page-item-367\"><a href=\"https:\/\/www.cristianflorescu.ro\/en\/politica-cookie-uri-ue\/\">Politic\u0103 cookie-uri (UE)<\/a><\/li><li class=\"elementor-sitemap-item elementor-sitemap-item-page page_item page-item-365\"><a href=\"https:\/\/www.cristianflorescu.ro\/en\/politica-de-confidentialitate-2\/\">Politica de confiden\u021bialitate<\/a><\/li><li class=\"elementor-sitemap-item elementor-sitemap-item-page page_item page-item-192\"><a href=\"https:\/\/www.cristianflorescu.ro\/en\/\">Acas\u0103<\/a><\/li><li class=\"elementor-sitemap-item elementor-sitemap-item-page page_item page-item-33\"><a href=\"https:\/\/www.cristianflorescu.ro\/en\/formular-de-contact\/\">Contact<\/a><\/li><li class=\"elementor-sitemap-item elementor-sitemap-item-page page_item page-item-31\"><a href=\"https:\/\/www.cristianflorescu.ro\/en\/activitatea-mea-ca-administrator-public-al-comunei-pielesti\/\">Activitate<\/a><\/li><li class=\"elementor-sitemap-item elementor-sitemap-item-page page_item page-item-28\"><a href=\"https:\/\/www.cristianflorescu.ro\/en\/viziunea-pentru-pielesti\/\">Viziunea pentru Piele\u0219ti<\/a><\/li><li class=\"elementor-sitemap-item elementor-sitemap-item-page page_item page-item-25\"><a href=\"https:\/\/www.cristianflorescu.ro\/en\/despre-mine\/\">Despre mine<\/a><\/li><\/ul><\/div><\/div>\t\t\t\t<\/div>\n\t\t\t\t<\/div>\n\t\t<div class=\"elementor-element elementor-element-5c48bdf3 e-con-full e-flex e-con e-child\" data-id=\"5c48bdf3\" data-element_type=\"container\">\n\t\t<div class=\"elementor-element elementor-element-4ed8516b e-con-full e-flex e-con e-child\" data-id=\"4ed8516b\" data-element_type=\"container\">\n\t\t\t\t<div class=\"elementor-element elementor-element-3e243818 elementor-widget elementor-widget-heading\" data-id=\"3e243818\" data-element_type=\"widget\" data-widget_type=\"heading.default\">\n\t\t\t\t\t<h2 class=\"elementor-heading-title elementor-size-default\">Newsletter<\/h2>\t\t\t\t<\/div>\n\t\t\t\t<div class=\"elementor-element elementor-element-528a262c elementor-widget elementor-widget-text-editor\" data-id=\"528a262c\" data-element_type=\"widget\" data-widget_type=\"text-editor.default\">\n\t\t\t\t\t\t\t\t\t<p><em>\u00censcrie-te pentru a primi nout\u0103\u021bi, articole \u0219i evenimente din Piele\u0219ti.<\/em><\/p>\t\t\t\t\t\t\t\t<\/div>\n\t\t\t\t<\/div>\n\t\t<div class=\"elementor-element elementor-element-7d3efe8c e-con-full e-flex e-con e-child\" data-id=\"7d3efe8c\" data-element_type=\"container\">\n\t\t\t\t<div class=\"elementor-element elementor-element-469e6ef elementor-button-align-end elementor-widget elementor-widget-form\" data-id=\"469e6ef\" data-element_type=\"widget\" data-settings=\"{&quot;step_next_label&quot;:&quot;Next&quot;,&quot;step_previous_label&quot;:&quot;Previous&quot;,&quot;button_width&quot;:&quot;100&quot;,&quot;step_type&quot;:&quot;number_text&quot;,&quot;step_icon_shape&quot;:&quot;circle&quot;}\" data-widget_type=\"form.default\">\n\t\t\t\t\t\t\t<form class=\"elementor-form\" method=\"post\" name=\"New Form\" aria-label=\"New Form\" action=\"\">\n\t\t\t<input type=\"hidden\" name=\"post_id\" value=\"33\"\/>\n\t\t\t<input type=\"hidden\" name=\"form_id\" value=\"469e6ef\"\/>\n\t\t\t<input type=\"hidden\" name=\"referer_title\" value=\"Contact - Cristian Florescu\" \/>\n\n\t\t\t\t\t\t\t<input type=\"hidden\" name=\"queried_id\" value=\"33\"\/>\n\t\t\t\n\t\t\t<div class=\"elementor-form-fields-wrapper elementor-labels-\">\n\t\t\t\t\t\t\t\t<div class=\"elementor-field-type-email elementor-field-group elementor-column elementor-field-group-email elementor-col-100 elementor-field-required\">\n\t\t\t\t\t\t\t\t\t\t\t\t<label for=\"form-field-email\" class=\"elementor-field-label elementor-screen-only\">\n\t\t\t\t\t\t\t\tEmail\t\t\t\t\t\t\t<\/label>\n\t\t\t\t\t\t\t\t\t\t\t\t\t\t<input size=\"1\" type=\"email\" name=\"form_fields[email]\" id=\"form-field-email\" class=\"elementor-field elementor-size-lg  elementor-field-textual\" placeholder=\"Email\" required=\"required\">\n\t\t\t\t\t\t\t\t\t\t\t<\/div>\n\t\t\t\t\t\t\t\t<div class=\"elementor-field-group elementor-column elementor-field-type-submit elementor-col-100 e-form__buttons\">\n\t\t\t\t\t<button class=\"elementor-button elementor-size-sm\" type=\"submit\">\n\t\t\t\t\t\t<span class=\"elementor-button-content-wrapper\">\n\t\t\t\t\t\t\t\t\t\t\t\t\t\t\t\t\t\t\t\t\t\t<span class=\"elementor-button-text\">Aboneaza-te<\/span>\n\t\t\t\t\t\t\t\t\t\t\t\t\t<\/span>\n\t\t\t\t\t<\/button>\n\t\t\t\t<\/div>\n\t\t\t<\/div>\n\t\t<input type=\"hidden\" name=\"trp-form-language\" value=\"en\"\/><\/form>\n\t\t\t\t\t\t<\/div>\n\t\t\t\t<\/div>\n\t\t\t\t<\/div>\n\t\t\t\t\t<\/div>\n\t\t\t\t<\/div>\n\t\t\t\t<\/div>","protected":false},"excerpt":{"rendered":"<p>\u00a0 \u00a0 \u00a0 \u00cempreun\u0103 pentru o administra\u021bie deschis\u0103 Cred \u00eentr-o rela\u021bie direct\u0103 cu cet\u0103\u021benii, bazat\u0103 pe dialog, respect \u0219i transparen\u021b\u0103. Dac\u0103 ai o \u00eentrebare, o propunere sau dore\u0219ti s\u0103 semnalezi o problem\u0103 din comunitate, \u00ee\u021bi stau la dispozi\u021bie. Newsletter \u00censcrie-te pentru a primi nout\u0103\u021bi, articole \u0219i evenimente din Piele\u0219ti.<\/p>","protected":false},"author":1,"featured_media":0,"parent":0,"menu_order":0,"comment_status":"closed","ping_status":"closed","template":"elementor_header_footer","meta":{"footnotes":""},"class_list":["post-33","page","type-page","status-publish","hentry"],"yoast_head":"<!-- This site is optimized with the Yoast SEO plugin v26.1.1 - https:\/\/yoast.com\/wordpress\/plugins\/seo\/ -->\n<title>Contact - Cristian Florescu<\/title>\n<meta name=\"description\" content=\"Cred \u00eentr-o rela\u021bie direct\u0103 cu cet\u0103\u021benii, bazat\u0103 pe dialog, respect \u0219i transparen\u021b\u0103. Dac\u0103 ai o \u00eentrebare, o propunere sau dore\u0219ti s\u0103 semnalezi o problem\u0103 din comunitate, \u00ee\u021bi stau la dispozi\u021bie.\" \/>\n<meta name=\"robots\" content=\"noindex, follow, max-snippet:-1, max-image-preview:large, max-video-preview:-1\" \/>\n<meta property=\"og:locale\" content=\"en_US\" \/>\n<meta property=\"og:type\" content=\"article\" \/>\n<meta property=\"og:title\" content=\"Contact - Cristian Florescu\" \/>\n<meta property=\"og:description\" content=\"Cred \u00eentr-o rela\u021bie direct\u0103 cu cet\u0103\u021benii, bazat\u0103 pe dialog, respect \u0219i transparen\u021b\u0103. Dac\u0103 ai o \u00eentrebare, o propunere sau dore\u0219ti s\u0103 semnalezi o problem\u0103 din comunitate, \u00ee\u021bi stau la dispozi\u021bie.\" \/>\n<meta property=\"og:url\" content=\"https:\/\/www.cristianflorescu.ro\/en\/formular-de-contact\/\" \/>\n<meta property=\"og:site_name\" content=\"Cristian Florescu\" \/>\n<meta property=\"article:modified_time\" content=\"2025-11-05T13:01:54+00:00\" \/>\n<meta name=\"twitter:card\" content=\"summary_large_image\" \/>\n<meta name=\"twitter:label1\" content=\"Est. reading time\" \/>\n\t<meta name=\"twitter:data1\" content=\"1 minute\" \/>\n<script type=\"application\/ld+json\" class=\"yoast-schema-graph\">{\"@context\":\"https:\/\/schema.org\",\"@graph\":[{\"@type\":\"WebPage\",\"@id\":\"https:\/\/www.cristianflorescu.ro\/formular-de-contact\/\",\"url\":\"https:\/\/www.cristianflorescu.ro\/formular-de-contact\/\",\"name\":\"Contact - Cristian Florescu\",\"isPartOf\":{\"@id\":\"https:\/\/www.cristianflorescu.ro\/#website\"},\"datePublished\":\"2025-08-22T09:25:25+00:00\",\"dateModified\":\"2025-11-05T13:01:54+00:00\",\"description\":\"Cred \u00eentr-o rela\u021bie direct\u0103 cu cet\u0103\u021benii, bazat\u0103 pe dialog, respect \u0219i transparen\u021b\u0103. Dac\u0103 ai o \u00eentrebare, o propunere sau dore\u0219ti s\u0103 semnalezi o problem\u0103 din comunitate, \u00ee\u021bi stau la dispozi\u021bie.\",\"breadcrumb\":{\"@id\":\"https:\/\/www.cristianflorescu.ro\/formular-de-contact\/#breadcrumb\"},\"inLanguage\":\"en-US\",\"potentialAction\":[{\"@type\":\"ReadAction\",\"target\":[\"https:\/\/www.cristianflorescu.ro\/formular-de-contact\/\"]}]},{\"@type\":\"BreadcrumbList\",\"@id\":\"https:\/\/www.cristianflorescu.ro\/formular-de-contact\/#breadcrumb\",\"itemListElement\":[{\"@type\":\"ListItem\",\"position\":1,\"name\":\"Prima pagin\u0103\",\"item\":\"https:\/\/www.cristianflorescu.ro\/\"},{\"@type\":\"ListItem\",\"position\":2,\"name\":\"Contact\"}]},{\"@type\":\"WebSite\",\"@id\":\"https:\/\/www.cristianflorescu.ro\/#website\",\"url\":\"https:\/\/www.cristianflorescu.ro\/\",\"name\":\"Cristian Florescu\",\"description\":\"Pentru Pielesti. Pentru oamneni.\",\"potentialAction\":[{\"@type\":\"SearchAction\",\"target\":{\"@type\":\"EntryPoint\",\"urlTemplate\":\"https:\/\/www.cristianflorescu.ro\/?s={search_term_string}\"},\"query-input\":{\"@type\":\"PropertyValueSpecification\",\"valueRequired\":true,\"valueName\":\"search_term_string\"}}],\"inLanguage\":\"en-US\"}]}<\/script>\n<!-- \/ Yoast SEO plugin. -->","yoast_head_json":{"title":"Contact - Cristian Florescu","description":"Cred \u00eentr-o rela\u021bie direct\u0103 cu cet\u0103\u021benii, bazat\u0103 pe dialog, respect \u0219i transparen\u021b\u0103. Dac\u0103 ai o \u00eentrebare, o propunere sau dore\u0219ti s\u0103 semnalezi o problem\u0103 din comunitate, \u00ee\u021bi stau la dispozi\u021bie.","robots":{"index":"noindex","follow":"follow","max-snippet":"max-snippet:-1","max-image-preview":"max-image-preview:large","max-video-preview":"max-video-preview:-1"},"og_locale":"en_US","og_type":"article","og_title":"Contact - Cristian Florescu","og_description":"Cred \u00eentr-o rela\u021bie direct\u0103 cu cet\u0103\u021benii, bazat\u0103 pe dialog, respect \u0219i transparen\u021b\u0103. Dac\u0103 ai o \u00eentrebare, o propunere sau dore\u0219ti s\u0103 semnalezi o problem\u0103 din comunitate, \u00ee\u021bi stau la dispozi\u021bie.","og_url":"https:\/\/www.cristianflorescu.ro\/en\/formular-de-contact\/","og_site_name":"Cristian Florescu","article_modified_time":"2025-11-05T13:01:54+00:00","twitter_card":"summary_large_image","twitter_misc":{"Est. reading time":"1 minute"},"schema":{"@context":"https:\/\/schema.org","@graph":[{"@type":"WebPage","@id":"https:\/\/www.cristianflorescu.ro\/formular-de-contact\/","url":"https:\/\/www.cristianflorescu.ro\/formular-de-contact\/","name":"Contact - Cristian Florescu","isPartOf":{"@id":"https:\/\/www.cristianflorescu.ro\/#website"},"datePublished":"2025-08-22T09:25:25+00:00","dateModified":"2025-11-05T13:01:54+00:00","description":"Cred \u00eentr-o rela\u021bie direct\u0103 cu cet\u0103\u021benii, bazat\u0103 pe dialog, respect \u0219i transparen\u021b\u0103. Dac\u0103 ai o \u00eentrebare, o propunere sau dore\u0219ti s\u0103 semnalezi o problem\u0103 din comunitate, \u00ee\u021bi stau la dispozi\u021bie.","breadcrumb":{"@id":"https:\/\/www.cristianflorescu.ro\/formular-de-contact\/#breadcrumb"},"inLanguage":"en-US","potentialAction":[{"@type":"ReadAction","target":["https:\/\/www.cristianflorescu.ro\/formular-de-contact\/"]}]},{"@type":"BreadcrumbList","@id":"https:\/\/www.cristianflorescu.ro\/formular-de-contact\/#breadcrumb","itemListElement":[{"@type":"ListItem","position":1,"name":"Prima pagin\u0103","item":"https:\/\/www.cristianflorescu.ro\/"},{"@type":"ListItem","position":2,"name":"Contact"}]},{"@type":"WebSite","@id":"https:\/\/www.cristianflorescu.ro\/#website","url":"https:\/\/www.cristianflorescu.ro\/","name":"Cristian Florescu","description":"Pentru Pielesti. Pentru oamneni.","potentialAction":[{"@type":"SearchAction","target":{"@type":"EntryPoint","urlTemplate":"https:\/\/www.cristianflorescu.ro\/?s={search_term_string}"},"query-input":{"@type":"PropertyValueSpecification","valueRequired":true,"valueName":"search_term_string"}}],"inLanguage":"en-US"}]}},"rttpg_featured_image_url":null,"rttpg_author":{"display_name":"CristiADM","author_link":"https:\/\/www.cristianflorescu.ro\/en\/author\/cristiadm\/"},"rttpg_comment":0,"rttpg_category":null,"rttpg_excerpt":"\u00a0 \u00a0 \u00a0 \u00cempreun\u0103 pentru o administra\u021bie deschis\u0103 Cred \u00eentr-o rela\u021bie direct\u0103 cu cet\u0103\u021benii, bazat\u0103 pe dialog, respect \u0219i transparen\u021b\u0103. Dac\u0103 ai o \u00eentrebare, o propunere sau dore\u0219ti s\u0103 semnalezi o problem\u0103 din comunitate, \u00ee\u021bi stau la dispozi\u021bie. Newsletter \u00censcrie-te pentru a primi nout\u0103\u021bi, articole \u0219i evenimente din Piele\u0219ti.","_links":{"self":[{"href":"https:\/\/www.cristianflorescu.ro\/en\/wp-json\/wp\/v2\/pages\/33","targetHints":{"allow":["GET"]}}],"collection":[{"href":"https:\/\/www.cristianflorescu.ro\/en\/wp-json\/wp\/v2\/pages"}],"about":[{"href":"https:\/\/www.cristianflorescu.ro\/en\/wp-json\/wp\/v2\/types\/page"}],"author":[{"embeddable":true,"href":"https:\/\/www.cristianflorescu.ro\/en\/wp-json\/wp\/v2\/users\/1"}],"replies":[{"embeddable":true,"href":"https:\/\/www.cristianflorescu.ro\/en\/wp-json\/wp\/v2\/comments?post=33"}],"version-history":[{"count":43,"href":"https:\/\/www.cristianflorescu.ro\/en\/wp-json\/wp\/v2\/pages\/33\/revisions"}],"predecessor-version":[{"id":624,"href":"https:\/\/www.cristianflorescu.ro\/en\/wp-json\/wp\/v2\/pages\/33\/revisions\/624"}],"wp:attachment":[{"href":"https:\/\/www.cristianflorescu.ro\/en\/wp-json\/wp\/v2\/media?parent=33"}],"curies":[{"name":"wp","href":"https:\/\/api.w.org\/{rel}","templated":true}]}}