{"id":28,"date":"2025-08-22T08:40:25","date_gmt":"2025-08-22T08:40:25","guid":{"rendered":"https:\/\/www.cristianflorescu.ro\/?page_id=28"},"modified":"2025-11-05T12:54:57","modified_gmt":"2025-11-05T12:54:57","slug":"viziunea-pentru-pielesti","status":"publish","type":"page","link":"https:\/\/www.cristianflorescu.ro\/en\/viziunea-pentru-pielesti\/","title":{"rendered":"Viziunea pentru Piele\u0219ti"},"content":{"rendered":"<div data-elementor-type=\"wp-page\" data-elementor-id=\"28\" class=\"elementor elementor-28\" data-elementor-post-type=\"page\">\n\t\t\t\t<div class=\"elementor-element elementor-element-5b88b5e9 e-flex e-con-boxed e-con e-parent\" data-id=\"5b88b5e9\" data-element_type=\"container\" data-settings=\"{&quot;background_background&quot;:&quot;classic&quot;}\">\n\t\t\t\t\t<div class=\"e-con-inner\">\n\t\t<div class=\"elementor-element elementor-element-48480ffe e-con-full e-flex e-con e-child\" data-id=\"48480ffe\" data-element_type=\"container\" data-settings=\"{&quot;background_background&quot;:&quot;classic&quot;}\">\n\t\t\t\t<div class=\"elementor-element elementor-element-30062beb elementor-widget elementor-widget-text-editor\" data-id=\"30062beb\" data-element_type=\"widget\" data-widget_type=\"text-editor.default\">\n\t\t\t\t\t\t\t\t\t<p>Comuna Piele\u0219ti este un loc cu un poten\u021bial real de dezvoltare sustenabil\u0103 \u2013 o comunitate \u00een plin\u0103 transformare, aflat\u0103 la intersec\u021bia dintre tradi\u021bie \u0219i modernitate, \u00eentre valorile rurale autentice \u0219i aspira\u021biile unei administra\u021bii locale eficiente, transparente \u0219i conectate la oportunit\u0103\u021bile secolului XXI.<\/p>\n<p>Viziunea mea pentru Piele\u0219ti este construit\u0103 pe termen lung \u0219i are la baz\u0103 <strong>un model administrativ axat pe performan\u021b\u0103, responsabilitate public\u0103 \u0219i colaborare activ\u0103 cu cet\u0103\u021benii<\/strong>. Nu cred \u00een salturi bru\u0219te, ci \u00een pa\u0219i calcula\u021bi, bine fundamenta\u021bi, care s\u0103 genereze schimb\u0103ri durabile.<\/p>\n<h3><strong>Principii Fundamentale<\/strong><\/h3>\n<ol>\n<li><strong>Administra\u021bie profesionist\u0103 \u0219i predictibil\u0103<\/strong><br \/>O administra\u021bie local\u0103 bine organizat\u0103, bazat\u0103 pe proceduri clare, digitalizare \u0219i o rela\u021bie direct\u0103 cu cet\u0103\u021beanul. Nevoia de predictibilitate \u00een decizie \u0219i claritate \u00een ac\u021biune este esen\u021bial\u0103 pentru dezvoltarea unei comunit\u0103\u021bi s\u0103n\u0103toase.<\/li>\n<li><strong>Dezvoltare sustenabil\u0103, conectat\u0103 la fonduri externe<\/strong><br \/>Fondurile europene \u0219i guvernamentale reprezint\u0103 o surs\u0103 esen\u021bial\u0103 pentru investi\u021bii \u00een infrastructur\u0103, educa\u021bie, s\u0103n\u0103tate \u0219i economie local\u0103. Viziunea mea include atragerea constant\u0103 de resurse externe, cu proiecte scrise \u0219i implementate profesionist.<\/li>\n<li><strong>Transparen\u021b\u0103 \u0219i comunicare public\u0103 permanent\u0103<\/strong><br \/>Fiecare proiect, fiecare decizie trebuie explicat\u0103, consultat\u0103 \u0219i monitorizat\u0103 public. Transparen\u021ba nu este un bonus, ci o obliga\u021bie fa\u021b\u0103 de comunitate.<\/li>\n<li><strong>Identitate local\u0103 \u0219i apartenen\u021b\u0103<\/strong><br \/>Valorile, cultura \u0219i istoria comunei Piele\u0219ti trebuie protejate, promovate \u0219i integrate \u00een strategia de dezvoltare. Un sat puternic este un sat care \u00ee\u0219i cunoa\u0219te trecutul \u0219i \u00ee\u0219i construie\u0219te viitorul f\u0103r\u0103 a-\u0219i pierde r\u0103d\u0103cinile.<\/li>\n<\/ol>\n<h3><strong>Directii Strategice<\/strong><\/h3>\n<p><strong>1. Infrastructur\u0103 modern\u0103 \u0219i conectivitate local\u0103<\/strong><\/p>\n<ul>\n<li>Modernizarea drumurilor comunale \u0219i vicinale<\/li>\n<li>Extinderea \u0219i digitalizarea serviciilor publice (inclusiv re\u021bele edilitare)<\/li>\n<li>Crearea de parc\u0103ri, trotuare, piste de biciclete<\/li>\n<li>Iluminat public eficient energetic<\/li>\n<\/ul>\n<p><strong>2. Mediu \u0219i utilit\u0103\u021bi sustenabile<\/strong><\/p>\n<ul>\n<li>Investi\u021bii \u00een sisteme de canalizare \u0219i alimentare cu ap\u0103 acolo unde lipsesc<\/li>\n<li>Proiecte pentru colectare selectiv\u0103 \u0219i reciclare<\/li>\n<li>Spa\u021bii verzi amenajate, zone de agrement \u0219i trasee ecoturistice<\/li>\n<\/ul>\n<p><strong>3. Educa\u021bie \u0219i sprijin pentru tineri<\/strong><\/p>\n<ul>\n<li>Modernizarea unit\u0103\u021bilor de \u00eenv\u0103\u021b\u0103m\u00e2nt \u0219i digitalizarea acestora<\/li>\n<li>Programe de educa\u021bie civic\u0103, antreprenorial\u0103 \u0219i cultural\u0103 pentru elevi<\/li>\n<li>Burse locale \u0219i sprijin pentru elevii performan\u021bi<\/li>\n<\/ul>\n<p><strong>4. Solidaritate \u0219i politici sociale active<\/strong><\/p>\n<ul>\n<li>Programe de asisten\u021b\u0103 pentru v\u00e2rstnici \u0219i persoane vulnerabile<\/li>\n<li>Sprijin pentru familii tinere \u2013 locuire, servicii, consiliere<\/li>\n<li>Promovarea voluntariatului \u0219i a implic\u0103rii comunitare<\/li>\n<\/ul>\n<p><strong>5. Economie local\u0103, agricultur\u0103 \u0219i parteneriate<\/strong><\/p>\n<ul>\n<li>Sprijin pentru IMM-uri locale \u0219i ferme de familie<\/li>\n<li>Colabor\u0103ri public-private pentru locuri de munc\u0103 locale<\/li>\n<li>Acces facil la fonduri pentru fermieri \u0219i antreprenori<\/li>\n<\/ul>\n<p><strong>6. Administra\u021bie digital\u0103 \u0219i accesibil\u0103<\/strong><\/p>\n<ul>\n<li>Portal online integrat pentru toate serviciile publice locale<\/li>\n<li>Sistem de program\u0103ri electronice \u0219i sesiz\u0103ri online<\/li>\n<li>Bugetare participativ\u0103 \u0219i consult\u0103ri periodice cu cet\u0103\u021benii<\/li>\n<\/ul>\n<p><strong>7. Cultur\u0103, tradi\u021bii \u0219i identitate local\u0103<\/strong><\/p>\n<ul>\n<li>Revitalizarea s\u0103rb\u0103torilor \u0219i simbolurilor comunitare<\/li>\n<li>Amenajarea unui Centru Cultural Multifunc\u021bional<\/li>\n<li>Proiecte educa\u021bionale \u0219i intergenera\u021bionale pentru conservarea tradi\u021biilor<\/li>\n<\/ul>\n<h3><strong>Concluzie<\/strong><\/h3>\n<p>Piele\u0219tiul viitorului trebuie s\u0103 fie o comun\u0103 bine administrat\u0103, atractiv\u0103 pentru tineri, prietenoas\u0103 pentru seniori \u0219i deschis\u0103 pentru investitori. Aceast\u0103 viziune nu este una teoretic\u0103, ci una construit\u0103 din dialog permanent cu oamenii, din realit\u0103\u021bile locului \u0219i din experien\u021ba direct\u0103 \u00een administra\u021bia public\u0103.<\/p>\n<p>\u00cemi propun s\u0103 continui s\u0103 contribui la acest parcurs prin proiecte solide, idei constructive \u0219i printr-o prezen\u021b\u0103 activ\u0103, implicat\u0103 \u0219i responsabil\u0103 \u00een via\u021ba comunit\u0103\u021bii. <strong>Pentru c\u0103 Piele\u0219ti merit\u0103 mai mult. \u0218i pentru c\u0103 \u00eempreun\u0103 putem construi mai bine.<\/strong><\/p>\t\t\t\t\t\t\t\t<\/div>\n\t\t\t\t<\/div>\n\t\t\t\t\t<\/div>\n\t\t\t\t<\/div>\n\t\t<div class=\"elementor-element elementor-element-3acfeb0d e-flex e-con-boxed e-con e-parent\" data-id=\"3acfeb0d\" data-element_type=\"container\" data-settings=\"{&quot;background_background&quot;:&quot;classic&quot;}\">\n\t\t\t\t\t<div class=\"e-con-inner\">\n\t\t<div class=\"elementor-element elementor-element-663846c4 e-con-full e-flex e-con e-child\" data-id=\"663846c4\" data-element_type=\"container\">\n\t\t\t\t<div class=\"elementor-element elementor-element-72b0ac1 elementor-widget elementor-widget-sitemap\" data-id=\"72b0ac1\" data-element_type=\"widget\" data-widget_type=\"sitemap.default\">\n\t\t\t\t\t<div class=\"elementor-sitemap-wrap\"><div class=\"elementor-sitemap-section\"><h2 class=\"elementor-sitemap-title elementor-sitemap-page-title\">Pagini<\/h2><ul class=\"elementor-sitemap-list elementor-sitemap-page-list\"><li class=\"elementor-sitemap-item elementor-sitemap-item-page page_item page-item-397\"><a href=\"https:\/\/www.cristianflorescu.ro\/en\/blog\/\">Blog<\/a><\/li><li class=\"elementor-sitemap-item elementor-sitemap-item-page page_item page-item-369\"><a href=\"https:\/\/www.cristianflorescu.ro\/en\/terms-and-conditions\/\">Termeni \u0219i condi\u021bii<\/a><\/li><li class=\"elementor-sitemap-item elementor-sitemap-item-page page_item page-item-367\"><a href=\"https:\/\/www.cristianflorescu.ro\/en\/politica-cookie-uri-ue\/\">Politic\u0103 cookie-uri (UE)<\/a><\/li><li class=\"elementor-sitemap-item elementor-sitemap-item-page page_item page-item-365\"><a href=\"https:\/\/www.cristianflorescu.ro\/en\/politica-de-confidentialitate-2\/\">Politica de confiden\u021bialitate<\/a><\/li><li class=\"elementor-sitemap-item elementor-sitemap-item-page page_item page-item-192\"><a href=\"https:\/\/www.cristianflorescu.ro\/en\/\">Acas\u0103<\/a><\/li><li class=\"elementor-sitemap-item elementor-sitemap-item-page page_item page-item-33\"><a href=\"https:\/\/www.cristianflorescu.ro\/en\/formular-de-contact\/\">Contact<\/a><\/li><li class=\"elementor-sitemap-item elementor-sitemap-item-page page_item page-item-31\"><a href=\"https:\/\/www.cristianflorescu.ro\/en\/activitatea-mea-ca-administrator-public-al-comunei-pielesti\/\">Activitate<\/a><\/li><li class=\"elementor-sitemap-item elementor-sitemap-item-page page_item page-item-28\"><a href=\"https:\/\/www.cristianflorescu.ro\/en\/viziunea-pentru-pielesti\/\">Viziunea pentru Piele\u0219ti<\/a><\/li><li class=\"elementor-sitemap-item elementor-sitemap-item-page page_item page-item-25\"><a href=\"https:\/\/www.cristianflorescu.ro\/en\/despre-mine\/\">Despre mine<\/a><\/li><\/ul><\/div><\/div>\t\t\t\t<\/div>\n\t\t\t\t<\/div>\n\t\t<div class=\"elementor-element elementor-element-42143c27 e-con-full e-flex e-con e-child\" data-id=\"42143c27\" data-element_type=\"container\">\n\t\t<div class=\"elementor-element elementor-element-742fbe70 e-con-full e-flex e-con e-child\" data-id=\"742fbe70\" data-element_type=\"container\">\n\t\t\t\t<div class=\"elementor-element elementor-element-31506f73 elementor-widget elementor-widget-heading\" data-id=\"31506f73\" data-element_type=\"widget\" data-widget_type=\"heading.default\">\n\t\t\t\t\t<h2 class=\"elementor-heading-title elementor-size-default\">Newsletter<\/h2>\t\t\t\t<\/div>\n\t\t\t\t<div class=\"elementor-element elementor-element-229cd435 elementor-widget elementor-widget-text-editor\" data-id=\"229cd435\" data-element_type=\"widget\" data-widget_type=\"text-editor.default\">\n\t\t\t\t\t\t\t\t\t<p><em>\u00censcrie-te pentru a primi nout\u0103\u021bi, articole \u0219i evenimente din Piele\u0219ti.<\/em><\/p>\t\t\t\t\t\t\t\t<\/div>\n\t\t\t\t<\/div>\n\t\t<div class=\"elementor-element elementor-element-7db151c2 e-con-full e-flex e-con e-child\" data-id=\"7db151c2\" data-element_type=\"container\">\n\t\t\t\t<div class=\"elementor-element elementor-element-33c07d9a elementor-button-align-end elementor-widget elementor-widget-form\" data-id=\"33c07d9a\" data-element_type=\"widget\" data-settings=\"{&quot;step_next_label&quot;:&quot;Next&quot;,&quot;step_previous_label&quot;:&quot;Previous&quot;,&quot;button_width&quot;:&quot;100&quot;,&quot;step_type&quot;:&quot;number_text&quot;,&quot;step_icon_shape&quot;:&quot;circle&quot;}\" data-widget_type=\"form.default\">\n\t\t\t\t\t\t\t<form class=\"elementor-form\" method=\"post\" name=\"New Form\" aria-label=\"New Form\" action=\"\">\n\t\t\t<input type=\"hidden\" name=\"post_id\" value=\"28\"\/>\n\t\t\t<input type=\"hidden\" name=\"form_id\" value=\"33c07d9a\"\/>\n\t\t\t<input type=\"hidden\" name=\"referer_title\" value=\"Cristian Florescu\" \/>\n\n\t\t\t\n\t\t\t<div class=\"elementor-form-fields-wrapper elementor-labels-\">\n\t\t\t\t\t\t\t\t<div class=\"elementor-field-type-email elementor-field-group elementor-column elementor-field-group-email elementor-col-100 elementor-field-required\">\n\t\t\t\t\t\t\t\t\t\t\t\t<label for=\"form-field-email\" class=\"elementor-field-label elementor-screen-only\">\n\t\t\t\t\t\t\t\tEmail\t\t\t\t\t\t\t<\/label>\n\t\t\t\t\t\t\t\t\t\t\t\t\t\t<input size=\"1\" type=\"email\" name=\"form_fields[email]\" id=\"form-field-email\" class=\"elementor-field elementor-size-lg  elementor-field-textual\" placeholder=\"Email\" required=\"required\">\n\t\t\t\t\t\t\t\t\t\t\t<\/div>\n\t\t\t\t\t\t\t\t<div class=\"elementor-field-group elementor-column elementor-field-type-submit elementor-col-100 e-form__buttons\">\n\t\t\t\t\t<button class=\"elementor-button elementor-size-sm\" type=\"submit\">\n\t\t\t\t\t\t<span class=\"elementor-button-content-wrapper\">\n\t\t\t\t\t\t\t\t\t\t\t\t\t\t\t\t\t\t\t\t\t\t<span class=\"elementor-button-text\">Aboneaza-te<\/span>\n\t\t\t\t\t\t\t\t\t\t\t\t\t<\/span>\n\t\t\t\t\t<\/button>\n\t\t\t\t<\/div>\n\t\t\t<\/div>\n\t\t<input type=\"hidden\" name=\"trp-form-language\" value=\"en\"\/><\/form>\n\t\t\t\t\t\t<\/div>\n\t\t\t\t<\/div>\n\t\t\t\t<\/div>\n\t\t\t\t\t<\/div>\n\t\t\t\t<\/div>\n\t\t\t\t<\/div>","protected":false},"excerpt":{"rendered":"<p>Comuna Piele\u0219ti este un loc cu un poten\u021bial real de dezvoltare sustenabil\u0103 \u2013 o comunitate \u00een plin\u0103 transformare, aflat\u0103 la intersec\u021bia dintre tradi\u021bie \u0219i modernitate, \u00eentre valorile rurale autentice \u0219i aspira\u021biile unei administra\u021bii locale eficiente, transparente \u0219i conectate la oportunit\u0103\u021bile secolului XXI. Viziunea mea pentru Piele\u0219ti este construit\u0103 pe termen lung \u0219i are la baz\u0103 [&hellip;]<\/p>","protected":false},"author":1,"featured_media":0,"parent":0,"menu_order":0,"comment_status":"closed","ping_status":"closed","template":"","meta":{"footnotes":""},"class_list":["post-28","page","type-page","status-publish","hentry"],"yoast_head":"<!-- This site is optimized with the Yoast SEO plugin v26.1.1 - https:\/\/yoast.com\/wordpress\/plugins\/seo\/ -->\n<title>Viziunea pentru Piele\u0219ti - Cristian Florescu<\/title>\n<meta name=\"description\" content=\"Comuna Piele\u0219ti este un loc cu un poten\u021bial real de dezvoltare sustenabil\u0103 \u2013 o comunitate \u00een plin\u0103 transformare, aflat\u0103 la intersec\u021bia dintre tradi\u021bie \u0219i modernitate\" \/>\n<meta name=\"robots\" content=\"noindex, follow, max-snippet:-1, max-image-preview:large, max-video-preview:-1\" \/>\n<meta property=\"og:locale\" content=\"en_US\" \/>\n<meta property=\"og:type\" content=\"article\" \/>\n<meta property=\"og:title\" content=\"Viziunea pentru Piele\u0219ti - Cristian Florescu\" \/>\n<meta property=\"og:description\" content=\"Comuna Piele\u0219ti este un loc cu un poten\u021bial real de dezvoltare sustenabil\u0103 \u2013 o comunitate \u00een plin\u0103 transformare, aflat\u0103 la intersec\u021bia dintre tradi\u021bie \u0219i modernitate\" \/>\n<meta property=\"og:url\" content=\"https:\/\/www.cristianflorescu.ro\/en\/viziunea-pentru-pielesti\/\" \/>\n<meta property=\"og:site_name\" content=\"Cristian Florescu\" \/>\n<meta property=\"article:modified_time\" content=\"2025-11-05T12:54:57+00:00\" \/>\n<meta name=\"twitter:card\" content=\"summary_large_image\" \/>\n<meta name=\"twitter:label1\" content=\"Est. reading time\" \/>\n\t<meta name=\"twitter:data1\" content=\"3 minutes\" \/>\n<script type=\"application\/ld+json\" class=\"yoast-schema-graph\">{\"@context\":\"https:\/\/schema.org\",\"@graph\":[{\"@type\":\"WebPage\",\"@id\":\"https:\/\/www.cristianflorescu.ro\/viziunea-pentru-pielesti\/\",\"url\":\"https:\/\/www.cristianflorescu.ro\/viziunea-pentru-pielesti\/\",\"name\":\"Viziunea pentru Piele\u0219ti - Cristian Florescu\",\"isPartOf\":{\"@id\":\"https:\/\/www.cristianflorescu.ro\/#website\"},\"datePublished\":\"2025-08-22T08:40:25+00:00\",\"dateModified\":\"2025-11-05T12:54:57+00:00\",\"description\":\"Comuna Piele\u0219ti este un loc cu un poten\u021bial real de dezvoltare sustenabil\u0103 \u2013 o comunitate \u00een plin\u0103 transformare, aflat\u0103 la intersec\u021bia dintre tradi\u021bie \u0219i modernitate\",\"breadcrumb\":{\"@id\":\"https:\/\/www.cristianflorescu.ro\/viziunea-pentru-pielesti\/#breadcrumb\"},\"inLanguage\":\"en-US\",\"potentialAction\":[{\"@type\":\"ReadAction\",\"target\":[\"https:\/\/www.cristianflorescu.ro\/viziunea-pentru-pielesti\/\"]}]},{\"@type\":\"BreadcrumbList\",\"@id\":\"https:\/\/www.cristianflorescu.ro\/viziunea-pentru-pielesti\/#breadcrumb\",\"itemListElement\":[{\"@type\":\"ListItem\",\"position\":1,\"name\":\"Prima pagin\u0103\",\"item\":\"https:\/\/www.cristianflorescu.ro\/\"},{\"@type\":\"ListItem\",\"position\":2,\"name\":\"Viziunea pentru Piele\u0219ti\"}]},{\"@type\":\"WebSite\",\"@id\":\"https:\/\/www.cristianflorescu.ro\/#website\",\"url\":\"https:\/\/www.cristianflorescu.ro\/\",\"name\":\"Cristian Florescu\",\"description\":\"Pentru Pielesti. Pentru oamneni.\",\"potentialAction\":[{\"@type\":\"SearchAction\",\"target\":{\"@type\":\"EntryPoint\",\"urlTemplate\":\"https:\/\/www.cristianflorescu.ro\/?s={search_term_string}\"},\"query-input\":{\"@type\":\"PropertyValueSpecification\",\"valueRequired\":true,\"valueName\":\"search_term_string\"}}],\"inLanguage\":\"en-US\"}]}<\/script>\n<!-- \/ Yoast SEO plugin. -->","yoast_head_json":{"title":"Viziunea pentru Piele\u0219ti - Cristian Florescu","description":"Comuna Piele\u0219ti este un loc cu un poten\u021bial real de dezvoltare sustenabil\u0103 \u2013 o comunitate \u00een plin\u0103 transformare, aflat\u0103 la intersec\u021bia dintre tradi\u021bie \u0219i modernitate","robots":{"index":"noindex","follow":"follow","max-snippet":"max-snippet:-1","max-image-preview":"max-image-preview:large","max-video-preview":"max-video-preview:-1"},"og_locale":"en_US","og_type":"article","og_title":"Viziunea pentru Piele\u0219ti - Cristian Florescu","og_description":"Comuna Piele\u0219ti este un loc cu un poten\u021bial real de dezvoltare sustenabil\u0103 \u2013 o comunitate \u00een plin\u0103 transformare, aflat\u0103 la intersec\u021bia dintre tradi\u021bie \u0219i modernitate","og_url":"https:\/\/www.cristianflorescu.ro\/en\/viziunea-pentru-pielesti\/","og_site_name":"Cristian Florescu","article_modified_time":"2025-11-05T12:54:57+00:00","twitter_card":"summary_large_image","twitter_misc":{"Est. reading time":"3 minutes"},"schema":{"@context":"https:\/\/schema.org","@graph":[{"@type":"WebPage","@id":"https:\/\/www.cristianflorescu.ro\/viziunea-pentru-pielesti\/","url":"https:\/\/www.cristianflorescu.ro\/viziunea-pentru-pielesti\/","name":"Viziunea pentru Piele\u0219ti - Cristian Florescu","isPartOf":{"@id":"https:\/\/www.cristianflorescu.ro\/#website"},"datePublished":"2025-08-22T08:40:25+00:00","dateModified":"2025-11-05T12:54:57+00:00","description":"Comuna Piele\u0219ti este un loc cu un poten\u021bial real de dezvoltare sustenabil\u0103 \u2013 o comunitate \u00een plin\u0103 transformare, aflat\u0103 la intersec\u021bia dintre tradi\u021bie \u0219i modernitate","breadcrumb":{"@id":"https:\/\/www.cristianflorescu.ro\/viziunea-pentru-pielesti\/#breadcrumb"},"inLanguage":"en-US","potentialAction":[{"@type":"ReadAction","target":["https:\/\/www.cristianflorescu.ro\/viziunea-pentru-pielesti\/"]}]},{"@type":"BreadcrumbList","@id":"https:\/\/www.cristianflorescu.ro\/viziunea-pentru-pielesti\/#breadcrumb","itemListElement":[{"@type":"ListItem","position":1,"name":"Prima pagin\u0103","item":"https:\/\/www.cristianflorescu.ro\/"},{"@type":"ListItem","position":2,"name":"Viziunea pentru Piele\u0219ti"}]},{"@type":"WebSite","@id":"https:\/\/www.cristianflorescu.ro\/#website","url":"https:\/\/www.cristianflorescu.ro\/","name":"Cristian Florescu","description":"Pentru Pielesti. Pentru oamneni.","potentialAction":[{"@type":"SearchAction","target":{"@type":"EntryPoint","urlTemplate":"https:\/\/www.cristianflorescu.ro\/?s={search_term_string}"},"query-input":{"@type":"PropertyValueSpecification","valueRequired":true,"valueName":"search_term_string"}}],"inLanguage":"en-US"}]}},"rttpg_featured_image_url":null,"rttpg_author":{"display_name":"CristiADM","author_link":"https:\/\/www.cristianflorescu.ro\/en\/author\/cristiadm\/"},"rttpg_comment":0,"rttpg_category":null,"rttpg_excerpt":"Comuna Piele\u0219ti este un loc cu un poten\u021bial real de dezvoltare sustenabil\u0103 \u2013 o comunitate \u00een plin\u0103 transformare, aflat\u0103 la intersec\u021bia dintre tradi\u021bie \u0219i modernitate, \u00eentre valorile rurale autentice \u0219i aspira\u021biile unei administra\u021bii locale eficiente, transparente \u0219i conectate la oportunit\u0103\u021bile secolului XXI. Viziunea mea pentru Piele\u0219ti este construit\u0103 pe termen lung \u0219i are la baz\u0103&hellip;","_links":{"self":[{"href":"https:\/\/www.cristianflorescu.ro\/en\/wp-json\/wp\/v2\/pages\/28","targetHints":{"allow":["GET"]}}],"collection":[{"href":"https:\/\/www.cristianflorescu.ro\/en\/wp-json\/wp\/v2\/pages"}],"about":[{"href":"https:\/\/www.cristianflorescu.ro\/en\/wp-json\/wp\/v2\/types\/page"}],"author":[{"embeddable":true,"href":"https:\/\/www.cristianflorescu.ro\/en\/wp-json\/wp\/v2\/users\/1"}],"replies":[{"embeddable":true,"href":"https:\/\/www.cristianflorescu.ro\/en\/wp-json\/wp\/v2\/comments?post=28"}],"version-history":[{"count":18,"href":"https:\/\/www.cristianflorescu.ro\/en\/wp-json\/wp\/v2\/pages\/28\/revisions"}],"predecessor-version":[{"id":586,"href":"https:\/\/www.cristianflorescu.ro\/en\/wp-json\/wp\/v2\/pages\/28\/revisions\/586"}],"wp:attachment":[{"href":"https:\/\/www.cristianflorescu.ro\/en\/wp-json\/wp\/v2\/media?parent=28"}],"curies":[{"name":"wp","href":"https:\/\/api.w.org\/{rel}","templated":true}]}}