{"id":25,"date":"2025-08-22T08:26:17","date_gmt":"2025-08-22T08:26:17","guid":{"rendered":"https:\/\/www.cristianflorescu.ro\/?page_id=25"},"modified":"2025-11-05T14:49:13","modified_gmt":"2025-11-05T14:49:13","slug":"despre-mine","status":"publish","type":"page","link":"https:\/\/www.cristianflorescu.ro\/en\/despre-mine\/","title":{"rendered":"Despre mine"},"content":{"rendered":"<div data-elementor-type=\"wp-page\" data-elementor-id=\"25\" class=\"elementor elementor-25\" data-elementor-post-type=\"page\">\n\t\t\t\t<div class=\"elementor-element elementor-element-36dc9539 e-flex e-con-boxed e-con e-parent\" data-id=\"36dc9539\" data-element_type=\"container\" data-settings=\"{&quot;background_background&quot;:&quot;classic&quot;}\">\n\t\t\t\t\t<div class=\"e-con-inner\">\n\t\t<div class=\"elementor-element elementor-element-721d56a3 e-con-full e-flex e-con e-child\" data-id=\"721d56a3\" data-element_type=\"container\" data-settings=\"{&quot;background_background&quot;:&quot;classic&quot;}\">\n\t\t\t\t<div class=\"elementor-element elementor-element-579b3809 elementor-widget elementor-widget-text-editor\" data-id=\"579b3809\" data-element_type=\"widget\" data-widget_type=\"text-editor.default\">\n\t\t\t\t\t\t\t\t\t<p><\/p>\n<h2 class=\"wp-block-heading\"><\/h2>\n<h2 class=\"wp-block-heading\"><strong>Cine sunt<\/strong><\/h2>\n<h2 class=\"wp-block-heading\"><\/h2>\n<p data-start=\"430\" data-end=\"771\">Sunt <strong data-start=\"435\" data-end=\"456\">Cristian Florescu<\/strong>, administrator public al Comunei Piele\u0219ti \u0219i un profesionist dedicat dezvolt\u0103rii locale, comunic\u0103rii institu\u021bionale \u0219i moderniz\u0103rii administra\u021biei publice rom\u00e2ne\u0219ti.<br data-start=\"622\" data-end=\"625\">\nDe-a lungul carierei mele am urm\u0103rit un principiu simplu, dar esen\u021bial: <strong data-start=\"697\" data-end=\"768\">administra\u021bia exist\u0103 pentru oameni, nu oamenii pentru administra\u021bie<\/strong>.<\/p><hr data-start=\"773\" data-end=\"776\"><h2 data-start=\"778\" data-end=\"818\">\ud83d\udd39 Formare \u0219i experien\u021b\u0103 profesional\u0103<\/h2><p data-start=\"820\" data-end=\"1147\">Sunt absolvent de <strong data-start=\"838\" data-end=\"861\">Inginerie Electric\u0103<\/strong> (licen\u021b\u0103 \u0219i master) \u0219i de\u021bin un al doilea master \u00een <strong data-start=\"914\" data-end=\"973\">\u0218tiin\u021be Sociale \u2013 Securitate Na\u021bional\u0103 \u0219i Euroatlantic\u0103<\/strong>, domenii care mi-au oferit o perspectiv\u0103 complex\u0103 asupra modului \u00een care tehnologia, politica public\u0103 \u0219i cultura organiza\u021bional\u0103 pot lucra \u00eempreun\u0103 \u00een folosul comunit\u0103\u021bii.<\/p><p data-start=\"1149\" data-end=\"1498\">Am lucrat \u00een mediul privat \u0219i \u00een organiza\u021bii non-guvernamentale, unde am coordonat \u0219i implementat proiecte finan\u021bate prin <strong data-start=\"1271\" data-end=\"1291\">fonduri europene<\/strong> \u0219i programe de cooperare regional\u0103.<br data-start=\"1327\" data-end=\"1330\">\n\u00cen perioada 2017\u20132024 am activat \u00een cadrul <strong data-start=\"1373\" data-end=\"1392\">RAADPFL Craiova<\/strong>, unde am acumulat experien\u021b\u0103 practic\u0103 \u00een domeniul serviciilor publice \u0219i al managementului opera\u021bional.<\/p><p data-start=\"1500\" data-end=\"1705\">Din decembrie 2024 exercit func\u021bia de <strong data-start=\"1538\" data-end=\"1582\">Administrator Public al Comunei Piele\u0219ti<\/strong>, pozi\u021bie care mi-a oferit responsabilitatea \u0219i privilegiul de a contribui direct la buna guvernare a comunit\u0103\u021bii locale.<\/p><hr data-start=\"1707\" data-end=\"1710\"><h2 data-start=\"1712\" data-end=\"1736\">\ud83d\udd39 Misiune \u0219i viziune<\/h2><p data-start=\"1738\" data-end=\"1971\">Cred \u00eentr-o administra\u021bie care comunic\u0103, care ascult\u0103 \u0219i care \u00ee\u0219i asum\u0103 gre\u0219elile cu demnitate.<br data-start=\"1833\" data-end=\"1836\">\nCred \u00eentr-o Rom\u00e2nie local\u0103 \u00een care <strong data-start=\"1871\" data-end=\"1920\">profesionalismul \u0219i respectul pentru cet\u0103\u021bean<\/strong> s\u0103 fie mai puternice dec\u00e2t interesele de moment.<\/p><p data-start=\"1973\" data-end=\"2210\">Comuna Piele\u0219ti este pentru mine mai mult dec\u00e2t un loc de munc\u0103 \u2014 este <strong data-start=\"2044\" data-end=\"2147\">spa\u021biul \u00een care se poate demonstra c\u0103 administra\u021bia local\u0103 poate fi inteligent\u0103, eficient\u0103 \u0219i uman\u0103<\/strong>.<br data-start=\"2148\" data-end=\"2151\">\nDe aceea, viziunea mea se bazeaz\u0103 pe trei piloni esen\u021biali:<\/p><ol data-start=\"2211\" data-end=\"2421\">\n<li data-start=\"2211\" data-end=\"2266\">\n<p data-start=\"2214\" data-end=\"2266\"><strong data-start=\"2214\" data-end=\"2250\">Transparen\u021b\u0103 \u0219i responsabilitate<\/strong> \u00een guvernare;<\/p>\n<\/li>\n<li data-start=\"2267\" data-end=\"2322\">\n<p data-start=\"2270\" data-end=\"2322\"><strong data-start=\"2270\" data-end=\"2290\">Comunicare real\u0103<\/strong> \u00eentre institu\u021bie \u0219i cet\u0103\u021bean;<\/p>\n<\/li>\n<li data-start=\"2323\" data-end=\"2421\">\n<p data-start=\"2326\" data-end=\"2421\"><strong data-start=\"2326\" data-end=\"2352\">Dezvoltare echilibrat\u0103<\/strong>, care respect\u0103 identitatea local\u0103 \u0219i valorific\u0103 resursele moderne.<\/p>\n<\/li>\n<\/ol><hr data-start=\"2423\" data-end=\"2426\"><h2 data-start=\"2428\" data-end=\"2450\">\ud83d\udd39 Despre platform\u0103<\/h2><p data-start=\"2452\" data-end=\"2879\">Site-ul <strong data-start=\"2460\" data-end=\"2487\"><a data-start=\"2462\" data-end=\"2485\" rel=\"noopener\" target=\"_new\" class=\"decorated-link\" href=\"http:\/\/www.cristianflorescu.ro\/en\/\">www.cristianflorescu.ro<span aria-hidden=\"true\" class=\"ms-0.5 inline-block align-middle leading-none\"><svg width=\"20\" height=\"20\" viewbox=\"0 0 20 20\" fill=\"currentColor\" xmlns=\"http:\/\/www.w3.org\/2000\/svg\" data-rtl-flip=\"\" class=\"block h-[0.75em] w-[0.75em] stroke-current stroke-[0.75]\"><path d=\"M14.3349 13.3301V6.60645L5.47065 15.4707C5.21095 15.7304 4.78895 15.7304 4.52925 15.4707C4.26955 15.211 4.26955 14.789 4.52925 14.5293L13.3935 5.66504H6.66011C6.29284 5.66504 5.99507 5.36727 5.99507 5C5.99507 4.63273 6.29284 4.33496 6.66011 4.33496H14.9999L15.1337 4.34863C15.4369 4.41057 15.665 4.67857 15.665 5V13.3301C15.6649 13.6973 15.3672 13.9951 14.9999 13.9951C14.6327 13.9951 14.335 13.6973 14.3349 13.3301Z\"><\/path><\/svg><\/span><\/a><\/strong> este mai mult dec\u00e2t un spa\u021biu online \u2014 este un <strong data-start=\"2535\" data-end=\"2576\">laborator de idei \u0219i reflec\u021bii civice<\/strong>.<br data-start=\"2577\" data-end=\"2580\">\nAici ve\u021bi g\u0103si articole, analize \u0219i perspective despre administra\u021bie, leadership, comunicare institu\u021bional\u0103 \u0219i dezvoltare local\u0103.<br data-start=\"2709\" data-end=\"2712\">\nTotodat\u0103, este locul \u00een care doresc s\u0103 men\u021bin un dialog deschis \u0219i constructiv cu cet\u0103\u021benii, profesioni\u0219tii \u0219i to\u021bi cei interesa\u021bi de viitorul comunit\u0103\u021bilor noastre.<\/p><hr data-start=\"2881\" data-end=\"2884\"><h2 data-start=\"2886\" data-end=\"2908\">\ud83d\udd39 Valori personale<\/h2><p data-start=\"2910\" data-end=\"3181\">\u00cen toate proiectele mele \u2013 publice sau civice \u2013 \u00eencerc s\u0103 p\u0103strez un echilibru \u00eentre <strong data-start=\"2995\" data-end=\"3052\">rigoare \u0219i empatie, \u00eentre profesionalism \u0219i umanitate<\/strong>.<br data-start=\"3053\" data-end=\"3056\">\nSunt convins c\u0103 adev\u0103rata autoritate se c\u00e2\u0219tig\u0103 prin \u00eencredere, iar \u00eencrederea se construie\u0219te prin respect \u0219i consecven\u021b\u0103.<\/p><hr data-start=\"3183\" data-end=\"3186\"><p>\n\n\n\n\n\n\n\n\n\n\n\n\n\n\n\n\n\n<\/p><h3 data-start=\"3188\" data-end=\"3344\">\ud83d\udd4a\ufe0f <em data-start=\"3196\" data-end=\"3344\">\u201eLeadershipul autentic nu \u00eenseamn\u0103 s\u0103 fii deasupra oamenilor, ci s\u0103 mergi al\u0103turi de ei, \u00een\u021beleg\u00e2ndu-le nevoile \u0219i construind \u00eempreun\u0103 solu\u021biile.\u201d<\/em><\/h3><ul class=\"wp-block-list\">\n<p><\/p><\/ul>\n<h2 class=\"wp-block-heading\"><\/h2>\n<p><!-- \/wp:paragraph --><\/p>\t\t\t\t\t\t\t\t<\/div>\n\t\t\t\t<\/div>\n\t\t\t\t\t<\/div>\n\t\t\t\t<\/div>\n\t\t<div class=\"elementor-element elementor-element-4c9a0405 e-flex e-con-boxed e-con e-parent\" data-id=\"4c9a0405\" data-element_type=\"container\" data-settings=\"{&quot;background_background&quot;:&quot;classic&quot;}\">\n\t\t\t\t\t<div class=\"e-con-inner\">\n\t\t<div class=\"elementor-element elementor-element-474d62b7 e-con-full e-flex e-con e-child\" data-id=\"474d62b7\" data-element_type=\"container\">\n\t\t\t\t<div class=\"elementor-element elementor-element-638970a7 elementor-widget elementor-widget-sitemap\" data-id=\"638970a7\" data-element_type=\"widget\" data-widget_type=\"sitemap.default\">\n\t\t\t\t\t<div class=\"elementor-sitemap-wrap\"><div class=\"elementor-sitemap-section\"><h2 class=\"elementor-sitemap-title elementor-sitemap-page-title\">Pagini<\/h2><ul class=\"elementor-sitemap-list elementor-sitemap-page-list\"><li class=\"elementor-sitemap-item elementor-sitemap-item-page page_item page-item-397\"><a href=\"https:\/\/www.cristianflorescu.ro\/en\/blog\/\">Blog<\/a><\/li><li class=\"elementor-sitemap-item elementor-sitemap-item-page page_item page-item-369\"><a href=\"https:\/\/www.cristianflorescu.ro\/en\/terms-and-conditions\/\">Termeni \u0219i condi\u021bii<\/a><\/li><li class=\"elementor-sitemap-item elementor-sitemap-item-page page_item page-item-367\"><a href=\"https:\/\/www.cristianflorescu.ro\/en\/politica-cookie-uri-ue\/\">Politic\u0103 cookie-uri (UE)<\/a><\/li><li class=\"elementor-sitemap-item elementor-sitemap-item-page page_item page-item-365\"><a href=\"https:\/\/www.cristianflorescu.ro\/en\/politica-de-confidentialitate-2\/\">Politica de confiden\u021bialitate<\/a><\/li><li class=\"elementor-sitemap-item elementor-sitemap-item-page page_item page-item-192\"><a href=\"https:\/\/www.cristianflorescu.ro\/en\/\">Acas\u0103<\/a><\/li><li class=\"elementor-sitemap-item elementor-sitemap-item-page page_item page-item-33\"><a href=\"https:\/\/www.cristianflorescu.ro\/en\/formular-de-contact\/\">Contact<\/a><\/li><li class=\"elementor-sitemap-item elementor-sitemap-item-page page_item page-item-31\"><a href=\"https:\/\/www.cristianflorescu.ro\/en\/activitatea-mea-ca-administrator-public-al-comunei-pielesti\/\">Activitate<\/a><\/li><li class=\"elementor-sitemap-item elementor-sitemap-item-page page_item page-item-28\"><a href=\"https:\/\/www.cristianflorescu.ro\/en\/viziunea-pentru-pielesti\/\">Viziunea pentru Piele\u0219ti<\/a><\/li><li class=\"elementor-sitemap-item elementor-sitemap-item-page page_item page-item-25\"><a href=\"https:\/\/www.cristianflorescu.ro\/en\/despre-mine\/\">Despre mine<\/a><\/li><\/ul><\/div><\/div>\t\t\t\t<\/div>\n\t\t\t\t<\/div>\n\t\t<div class=\"elementor-element elementor-element-5024a072 e-con-full e-flex e-con e-child\" data-id=\"5024a072\" data-element_type=\"container\">\n\t\t<div class=\"elementor-element elementor-element-2ea7654f e-con-full e-flex e-con e-child\" data-id=\"2ea7654f\" data-element_type=\"container\">\n\t\t\t\t<div class=\"elementor-element elementor-element-7876273d elementor-widget elementor-widget-heading\" data-id=\"7876273d\" data-element_type=\"widget\" data-widget_type=\"heading.default\">\n\t\t\t\t\t<h2 class=\"elementor-heading-title elementor-size-default\">Newsletter<\/h2>\t\t\t\t<\/div>\n\t\t\t\t<div class=\"elementor-element elementor-element-4b2420f7 elementor-widget elementor-widget-text-editor\" data-id=\"4b2420f7\" data-element_type=\"widget\" data-widget_type=\"text-editor.default\">\n\t\t\t\t\t\t\t\t\t<p><em>\u00censcrie-te pentru a primi nout\u0103\u021bi, articole \u0219i evenimente din Piele\u0219ti.<\/em><\/p>\t\t\t\t\t\t\t\t<\/div>\n\t\t\t\t<\/div>\n\t\t<div class=\"elementor-element elementor-element-398aaeb e-con-full e-flex e-con e-child\" data-id=\"398aaeb\" data-element_type=\"container\">\n\t\t\t\t<div class=\"elementor-element elementor-element-3a0e9e43 elementor-button-align-end elementor-widget elementor-widget-form\" data-id=\"3a0e9e43\" data-element_type=\"widget\" data-settings=\"{&quot;step_next_label&quot;:&quot;Next&quot;,&quot;step_previous_label&quot;:&quot;Previous&quot;,&quot;button_width&quot;:&quot;100&quot;,&quot;step_type&quot;:&quot;number_text&quot;,&quot;step_icon_shape&quot;:&quot;circle&quot;}\" data-widget_type=\"form.default\">\n\t\t\t\t\t\t\t<form class=\"elementor-form\" method=\"post\" name=\"New Form\" aria-label=\"New Form\" action=\"\">\n\t\t\t<input type=\"hidden\" name=\"post_id\" value=\"25\"\/>\n\t\t\t<input type=\"hidden\" name=\"form_id\" value=\"3a0e9e43\"\/>\n\t\t\t<input type=\"hidden\" name=\"referer_title\" value=\"Despre mine - Cristian Florescu\" \/>\n\n\t\t\t\t\t\t\t<input type=\"hidden\" name=\"queried_id\" value=\"25\"\/>\n\t\t\t\n\t\t\t<div class=\"elementor-form-fields-wrapper elementor-labels-\">\n\t\t\t\t\t\t\t\t<div class=\"elementor-field-type-email elementor-field-group elementor-column elementor-field-group-email elementor-col-100 elementor-field-required\">\n\t\t\t\t\t\t\t\t\t\t\t\t<label for=\"form-field-email\" class=\"elementor-field-label elementor-screen-only\">\n\t\t\t\t\t\t\t\tEmail\t\t\t\t\t\t\t<\/label>\n\t\t\t\t\t\t\t\t\t\t\t\t\t\t<input size=\"1\" type=\"email\" name=\"form_fields[email]\" id=\"form-field-email\" class=\"elementor-field elementor-size-lg  elementor-field-textual\" placeholder=\"Email\" required=\"required\">\n\t\t\t\t\t\t\t\t\t\t\t<\/div>\n\t\t\t\t\t\t\t\t<div class=\"elementor-field-group elementor-column elementor-field-type-submit elementor-col-100 e-form__buttons\">\n\t\t\t\t\t<button class=\"elementor-button elementor-size-sm\" type=\"submit\">\n\t\t\t\t\t\t<span class=\"elementor-button-content-wrapper\">\n\t\t\t\t\t\t\t\t\t\t\t\t\t\t\t\t\t\t\t\t\t\t<span class=\"elementor-button-text\">Aboneaza-te<\/span>\n\t\t\t\t\t\t\t\t\t\t\t\t\t<\/span>\n\t\t\t\t\t<\/button>\n\t\t\t\t<\/div>\n\t\t\t<\/div>\n\t\t<input type=\"hidden\" name=\"trp-form-language\" value=\"en\"\/><\/form>\n\t\t\t\t\t\t<\/div>\n\t\t\t\t<\/div>\n\t\t\t\t<\/div>\n\t\t\t\t\t<\/div>\n\t\t\t\t<\/div>\n\t\t\t\t<\/div>","protected":false},"excerpt":{"rendered":"<p>Cine sunt Sunt Cristian Florescu, administrator public al Comunei Piele\u0219ti \u0219i un profesionist dedicat dezvolt\u0103rii locale, comunic\u0103rii institu\u021bionale \u0219i moderniz\u0103rii administra\u021biei publice rom\u00e2ne\u0219ti. De-a lungul carierei mele am urm\u0103rit un principiu simplu, dar esen\u021bial: administra\u021bia exist\u0103 pentru oameni, nu oamenii pentru administra\u021bie. \ud83d\udd39 Formare \u0219i experien\u021b\u0103 profesional\u0103 Sunt absolvent de Inginerie Electric\u0103 (licen\u021b\u0103 \u0219i master) [&hellip;]<\/p>","protected":false},"author":1,"featured_media":0,"parent":0,"menu_order":0,"comment_status":"closed","ping_status":"closed","template":"","meta":{"footnotes":""},"class_list":["post-25","page","type-page","status-publish","hentry"],"yoast_head":"<!-- This site is optimized with the Yoast SEO plugin v26.1.1 - https:\/\/yoast.com\/wordpress\/plugins\/seo\/ -->\n<title>Despre mine - Cristian Florescu<\/title>\n<meta name=\"description\" content=\"M\u0103 numesc Cristian Florescu \u0219i sunt, \u00eencep\u00e2nd cu anul 2024, administrator public al comunei Piele\u0219ti, jude\u021bul Dolj. Am ales s\u0103 revin \u0219i s\u0103 m\u0103 implic activ \u00een aceast\u0103 comunitate pentru c\u0103 aici se afl\u0103 familia mea.\" \/>\n<meta name=\"robots\" content=\"noindex, follow, max-snippet:-1, max-image-preview:large, max-video-preview:-1\" \/>\n<meta property=\"og:locale\" content=\"en_US\" \/>\n<meta property=\"og:type\" content=\"article\" \/>\n<meta property=\"og:title\" content=\"Despre mine - Cristian Florescu\" \/>\n<meta property=\"og:description\" content=\"M\u0103 numesc Cristian Florescu \u0219i sunt, \u00eencep\u00e2nd cu anul 2024, administrator public al comunei Piele\u0219ti, jude\u021bul Dolj. Am ales s\u0103 revin \u0219i s\u0103 m\u0103 implic activ \u00een aceast\u0103 comunitate pentru c\u0103 aici se afl\u0103 familia mea.\" \/>\n<meta property=\"og:url\" content=\"https:\/\/www.cristianflorescu.ro\/en\/despre-mine\/\" \/>\n<meta property=\"og:site_name\" content=\"Cristian Florescu\" \/>\n<meta property=\"article:modified_time\" content=\"2025-11-05T14:49:13+00:00\" \/>\n<meta name=\"twitter:card\" content=\"summary_large_image\" \/>\n<meta name=\"twitter:label1\" content=\"Est. reading time\" \/>\n\t<meta name=\"twitter:data1\" content=\"3 minutes\" \/>\n<script type=\"application\/ld+json\" class=\"yoast-schema-graph\">{\"@context\":\"https:\/\/schema.org\",\"@graph\":[{\"@type\":\"WebPage\",\"@id\":\"https:\/\/www.cristianflorescu.ro\/despre-mine\/\",\"url\":\"https:\/\/www.cristianflorescu.ro\/despre-mine\/\",\"name\":\"Despre mine - Cristian Florescu\",\"isPartOf\":{\"@id\":\"https:\/\/www.cristianflorescu.ro\/#website\"},\"datePublished\":\"2025-08-22T08:26:17+00:00\",\"dateModified\":\"2025-11-05T14:49:13+00:00\",\"description\":\"M\u0103 numesc Cristian Florescu \u0219i sunt, \u00eencep\u00e2nd cu anul 2024, administrator public al comunei Piele\u0219ti, jude\u021bul Dolj. Am ales s\u0103 revin \u0219i s\u0103 m\u0103 implic activ \u00een aceast\u0103 comunitate pentru c\u0103 aici se afl\u0103 familia mea.\",\"breadcrumb\":{\"@id\":\"https:\/\/www.cristianflorescu.ro\/despre-mine\/#breadcrumb\"},\"inLanguage\":\"en-US\",\"potentialAction\":[{\"@type\":\"ReadAction\",\"target\":[\"https:\/\/www.cristianflorescu.ro\/despre-mine\/\"]}]},{\"@type\":\"BreadcrumbList\",\"@id\":\"https:\/\/www.cristianflorescu.ro\/despre-mine\/#breadcrumb\",\"itemListElement\":[{\"@type\":\"ListItem\",\"position\":1,\"name\":\"Prima pagin\u0103\",\"item\":\"https:\/\/www.cristianflorescu.ro\/\"},{\"@type\":\"ListItem\",\"position\":2,\"name\":\"Despre mine\"}]},{\"@type\":\"WebSite\",\"@id\":\"https:\/\/www.cristianflorescu.ro\/#website\",\"url\":\"https:\/\/www.cristianflorescu.ro\/\",\"name\":\"Cristian Florescu\",\"description\":\"Pentru Pielesti. Pentru oamneni.\",\"potentialAction\":[{\"@type\":\"SearchAction\",\"target\":{\"@type\":\"EntryPoint\",\"urlTemplate\":\"https:\/\/www.cristianflorescu.ro\/?s={search_term_string}\"},\"query-input\":{\"@type\":\"PropertyValueSpecification\",\"valueRequired\":true,\"valueName\":\"search_term_string\"}}],\"inLanguage\":\"en-US\"}]}<\/script>\n<!-- \/ Yoast SEO plugin. -->","yoast_head_json":{"title":"Despre mine - Cristian Florescu","description":"M\u0103 numesc Cristian Florescu \u0219i sunt, \u00eencep\u00e2nd cu anul 2024, administrator public al comunei Piele\u0219ti, jude\u021bul Dolj. Am ales s\u0103 revin \u0219i s\u0103 m\u0103 implic activ \u00een aceast\u0103 comunitate pentru c\u0103 aici se afl\u0103 familia mea.","robots":{"index":"noindex","follow":"follow","max-snippet":"max-snippet:-1","max-image-preview":"max-image-preview:large","max-video-preview":"max-video-preview:-1"},"og_locale":"en_US","og_type":"article","og_title":"Despre mine - Cristian Florescu","og_description":"M\u0103 numesc Cristian Florescu \u0219i sunt, \u00eencep\u00e2nd cu anul 2024, administrator public al comunei Piele\u0219ti, jude\u021bul Dolj. Am ales s\u0103 revin \u0219i s\u0103 m\u0103 implic activ \u00een aceast\u0103 comunitate pentru c\u0103 aici se afl\u0103 familia mea.","og_url":"https:\/\/www.cristianflorescu.ro\/en\/despre-mine\/","og_site_name":"Cristian Florescu","article_modified_time":"2025-11-05T14:49:13+00:00","twitter_card":"summary_large_image","twitter_misc":{"Est. reading time":"3 minutes"},"schema":{"@context":"https:\/\/schema.org","@graph":[{"@type":"WebPage","@id":"https:\/\/www.cristianflorescu.ro\/despre-mine\/","url":"https:\/\/www.cristianflorescu.ro\/despre-mine\/","name":"Despre mine - Cristian Florescu","isPartOf":{"@id":"https:\/\/www.cristianflorescu.ro\/#website"},"datePublished":"2025-08-22T08:26:17+00:00","dateModified":"2025-11-05T14:49:13+00:00","description":"M\u0103 numesc Cristian Florescu \u0219i sunt, \u00eencep\u00e2nd cu anul 2024, administrator public al comunei Piele\u0219ti, jude\u021bul Dolj. Am ales s\u0103 revin \u0219i s\u0103 m\u0103 implic activ \u00een aceast\u0103 comunitate pentru c\u0103 aici se afl\u0103 familia mea.","breadcrumb":{"@id":"https:\/\/www.cristianflorescu.ro\/despre-mine\/#breadcrumb"},"inLanguage":"en-US","potentialAction":[{"@type":"ReadAction","target":["https:\/\/www.cristianflorescu.ro\/despre-mine\/"]}]},{"@type":"BreadcrumbList","@id":"https:\/\/www.cristianflorescu.ro\/despre-mine\/#breadcrumb","itemListElement":[{"@type":"ListItem","position":1,"name":"Prima pagin\u0103","item":"https:\/\/www.cristianflorescu.ro\/"},{"@type":"ListItem","position":2,"name":"Despre mine"}]},{"@type":"WebSite","@id":"https:\/\/www.cristianflorescu.ro\/#website","url":"https:\/\/www.cristianflorescu.ro\/","name":"Cristian Florescu","description":"Pentru Pielesti. Pentru oamneni.","potentialAction":[{"@type":"SearchAction","target":{"@type":"EntryPoint","urlTemplate":"https:\/\/www.cristianflorescu.ro\/?s={search_term_string}"},"query-input":{"@type":"PropertyValueSpecification","valueRequired":true,"valueName":"search_term_string"}}],"inLanguage":"en-US"}]}},"rttpg_featured_image_url":null,"rttpg_author":{"display_name":"CristiADM","author_link":"https:\/\/www.cristianflorescu.ro\/en\/author\/cristiadm\/"},"rttpg_comment":0,"rttpg_category":null,"rttpg_excerpt":"Cine sunt Sunt Cristian Florescu, administrator public al Comunei Piele\u0219ti \u0219i un profesionist dedicat dezvolt\u0103rii locale, comunic\u0103rii institu\u021bionale \u0219i moderniz\u0103rii administra\u021biei publice rom\u00e2ne\u0219ti. De-a lungul carierei mele am urm\u0103rit un principiu simplu, dar esen\u021bial: administra\u021bia exist\u0103 pentru oameni, nu oamenii pentru administra\u021bie. \ud83d\udd39 Formare \u0219i experien\u021b\u0103 profesional\u0103 Sunt absolvent de Inginerie Electric\u0103 (licen\u021b\u0103 \u0219i master)&hellip;","_links":{"self":[{"href":"https:\/\/www.cristianflorescu.ro\/en\/wp-json\/wp\/v2\/pages\/25","targetHints":{"allow":["GET"]}}],"collection":[{"href":"https:\/\/www.cristianflorescu.ro\/en\/wp-json\/wp\/v2\/pages"}],"about":[{"href":"https:\/\/www.cristianflorescu.ro\/en\/wp-json\/wp\/v2\/types\/page"}],"author":[{"embeddable":true,"href":"https:\/\/www.cristianflorescu.ro\/en\/wp-json\/wp\/v2\/users\/1"}],"replies":[{"embeddable":true,"href":"https:\/\/www.cristianflorescu.ro\/en\/wp-json\/wp\/v2\/comments?post=25"}],"version-history":[{"count":25,"href":"https:\/\/www.cristianflorescu.ro\/en\/wp-json\/wp\/v2\/pages\/25\/revisions"}],"predecessor-version":[{"id":630,"href":"https:\/\/www.cristianflorescu.ro\/en\/wp-json\/wp\/v2\/pages\/25\/revisions\/630"}],"wp:attachment":[{"href":"https:\/\/www.cristianflorescu.ro\/en\/wp-json\/wp\/v2\/media?parent=25"}],"curies":[{"name":"wp","href":"https:\/\/api.w.org\/{rel}","templated":true}]}}